{"id":602,"date":"2022-12-04T16:08:01","date_gmt":"2022-12-04T16:08:01","guid":{"rendered":"https:\/\/softcrits.es\/?page_id=602"},"modified":"2024-05-13T08:38:35","modified_gmt":"2024-05-13T08:38:35","slug":"politica-de-responsabilidad-social-corporativa","status":"publish","type":"page","link":"https:\/\/softcrits.es\/en\/politica-de-responsabilidad-social-corporativa\/","title":{"rendered":"Pol\u00edtica de Responsabilidad Social Corporativa"},"content":{"rendered":"<div data-elementor-type=\"wp-page\" data-elementor-id=\"602\" class=\"elementor elementor-602\">\n\t\t\t\t\t\t\t\t\t<section class=\"elementor-section elementor-top-section elementor-element elementor-element-eb50dfa elementor-section-full_width elementor-section-height-default elementor-section-height-default\" data-id=\"eb50dfa\" data-element_type=\"section\" data-settings=\"{&quot;background_background&quot;:&quot;gradient&quot;}\">\n\t\t\t\t\t\t<div class=\"elementor-container elementor-column-gap-default\">\n\t\t\t\t\t<div class=\"elementor-column elementor-col-100 elementor-top-column elementor-element elementor-element-317332da\" data-id=\"317332da\" data-element_type=\"column\">\n\t\t\t<div class=\"elementor-widget-wrap elementor-element-populated\">\n\t\t\t\t\t\t\t\t<section class=\"elementor-section elementor-inner-section elementor-element elementor-element-6d32590c elementor-section-full_width elementor-section-height-default elementor-section-height-default\" data-id=\"6d32590c\" data-element_type=\"section\">\n\t\t\t\t\t\t<div class=\"elementor-container elementor-column-gap-default\">\n\t\t\t\t\t<div class=\"elementor-column elementor-col-100 elementor-inner-column elementor-element elementor-element-d46e6ff\" data-id=\"d46e6ff\" data-element_type=\"column\">\n\t\t\t<div class=\"elementor-widget-wrap elementor-element-populated\">\n\t\t\t\t\t\t\t\t<div class=\"elementor-element elementor-element-58773689 animated-fast elementor-invisible elementor-widget elementor-widget-heading\" data-id=\"58773689\" data-element_type=\"widget\" data-settings=\"{&quot;_animation&quot;:&quot;fadeInLeft&quot;,&quot;_animation_tablet&quot;:&quot;fadeInUp&quot;,&quot;_animation_mobile&quot;:&quot;fadeInUp&quot;,&quot;_animation_delay&quot;:100}\" data-widget_type=\"heading.default\">\n\t\t\t\t<div class=\"elementor-widget-container\">\n\t\t\t<style>\/*! elementor - v3.7.8 - 02-10-2022 *\/\n.elementor-heading-title{padding:0;margin:0;line-height:1}.elementor-widget-heading .elementor-heading-title[class*=elementor-size-]>a{color:inherit;font-size:inherit;line-height:inherit}.elementor-widget-heading .elementor-heading-title.elementor-size-small{font-size:15px}.elementor-widget-heading .elementor-heading-title.elementor-size-medium{font-size:19px}.elementor-widget-heading .elementor-heading-title.elementor-size-large{font-size:29px}.elementor-widget-heading .elementor-heading-title.elementor-size-xl{font-size:39px}.elementor-widget-heading .elementor-heading-title.elementor-size-xxl{font-size:59px}<\/style><h1 class=\"elementor-heading-title elementor-size-default\">Pol\u00edtica de responsabilidad social corporativa | Softcrits<\/h1>\t\t<\/div>\n\t\t\t\t<\/div>\n\t\t\t\t\t<\/div>\n\t\t<\/div>\n\t\t\t\t\t\t\t<\/div>\n\t\t<\/section>\n\t\t\t\t\t<\/div>\n\t\t<\/div>\n\t\t\t\t\t\t\t<\/div>\n\t\t<\/section>\n\t\t\t\t<section class=\"elementor-section elementor-top-section elementor-element elementor-element-2387a3c1 elementor-section-boxed elementor-section-height-default elementor-section-height-default\" data-id=\"2387a3c1\" data-element_type=\"section\" data-settings=\"{&quot;background_background&quot;:&quot;classic&quot;}\">\n\t\t\t\t\t\t\t<div class=\"elementor-background-overlay\"><\/div>\n\t\t\t\t\t\t\t<div class=\"elementor-container elementor-column-gap-default\">\n\t\t\t\t\t<div class=\"elementor-column elementor-col-100 elementor-top-column elementor-element elementor-element-7b40f09b\" data-id=\"7b40f09b\" data-element_type=\"column\">\n\t\t\t<div class=\"elementor-widget-wrap elementor-element-populated\">\n\t\t\t\t\t\t\t\t<section class=\"elementor-section elementor-inner-section elementor-element elementor-element-fd2d169 elementor-section-boxed elementor-section-height-default elementor-section-height-default\" data-id=\"fd2d169\" data-element_type=\"section\">\n\t\t\t\t\t\t<div class=\"elementor-container elementor-column-gap-default\">\n\t\t\t\t\t<div class=\"elementor-column elementor-col-100 elementor-inner-column elementor-element elementor-element-5a3e151\" data-id=\"5a3e151\" data-element_type=\"column\">\n\t\t\t<div class=\"elementor-widget-wrap elementor-element-populated\">\n\t\t\t\t\t\t\t\t<div class=\"elementor-element elementor-element-7b058bb elementor-widget__width-initial elementor-invisible elementor-widget elementor-widget-heading\" data-id=\"7b058bb\" data-element_type=\"widget\" data-settings=\"{&quot;_animation&quot;:&quot;fadeIn&quot;,&quot;_animation_tablet&quot;:&quot;fadeIn&quot;}\" data-widget_type=\"heading.default\">\n\t\t\t\t<div class=\"elementor-widget-container\">\n\t\t\t<h3 class=\"elementor-heading-title elementor-size-default\"><b>SOFTWARE FOR CRITICAL SYSTEMS S.L. <\/b>es una empresa fundada en 2009 y dedicada a desarrollar sistemas tecnol\u00f3gicos avanzados y ofrecer servicios de consultor\u00eda. Se encuentra ubicada en M\u00e1laga, en C\/ Arquitecto Francisco Pe\u00f1alosa n\u00ba 18, y su \u00e1mbito de trabajo es internacional.<\/h3>\t\t<\/div>\n\t\t\t\t<\/div>\n\t\t\t\t<div class=\"elementor-element elementor-element-3cb5a7b elementor-widget elementor-widget-text-editor\" data-id=\"3cb5a7b\" data-element_type=\"widget\" data-widget_type=\"text-editor.default\">\n\t\t\t\t<div class=\"elementor-widget-container\">\n\t\t\t<style>\/*! elementor - v3.7.8 - 02-10-2022 *\/\n.elementor-widget-text-editor.elementor-drop-cap-view-stacked .elementor-drop-cap{background-color:#818a91;color:#fff}.elementor-widget-text-editor.elementor-drop-cap-view-framed .elementor-drop-cap{color:#818a91;border:3px solid;background-color:transparent}.elementor-widget-text-editor:not(.elementor-drop-cap-view-default) .elementor-drop-cap{margin-top:8px}.elementor-widget-text-editor:not(.elementor-drop-cap-view-default) .elementor-drop-cap-letter{width:1em;height:1em}.elementor-widget-text-editor .elementor-drop-cap{float:left;text-align:center;line-height:1;font-size:50px}.elementor-widget-text-editor .elementor-drop-cap-letter{display:inline-block}<\/style>\t\t\t\t<p>La Direcci\u00f3n de SOFTCRITS, tiene la responsabilidad de formular la estrategia y las l\u00edneas de\u00a0pol\u00edtica general de la compa\u00f1\u00eda, elaborar programas y se\u00f1alar objetivos para la\u00a0realizaci\u00f3n de todas las actividades incluidas en el objeto social y, en particular, le\u00a0corresponde aprobar, entre otras, las Pol\u00edticas de responsabilidad social. La contribuci\u00f3n de SOFTCRITS al desarrollo sostenible se materializa mediante unos\u00a0principios y unas pr\u00e1cticas de responsabilidad social que atienden las necesidades y las expectativas de sus grupos de inter\u00e9s. Fiel al objetivo empresarial de generar riqueza y bienestar para la sociedad, SOFTCRITS\u00a0adopta una \u00e9tica empresarial responsable cuya formulaci\u00f3n se recoge en los siguientes\u00a0principios.<\/p>\t\t\t\t\t\t<\/div>\n\t\t\t\t<\/div>\n\t\t\t\t<div class=\"elementor-element elementor-element-4ee05d7c elementor-icon-list--layout-traditional elementor-list-item-link-full_width elementor-widget elementor-widget-icon-list\" data-id=\"4ee05d7c\" data-element_type=\"widget\" data-widget_type=\"icon-list.default\">\n\t\t\t\t<div class=\"elementor-widget-container\">\n\t\t\t<link rel=\"stylesheet\" href=\"https:\/\/softcrits.es\/wp-content\/plugins\/elementor\/assets\/css\/widget-icon-list.min.css\">\t\t<ul class=\"elementor-icon-list-items\">\n\t\t\t\t\t\t\t<li class=\"elementor-icon-list-item\">\n\t\t\t\t\t\t\t\t\t\t\t<span class=\"elementor-icon-list-icon\">\n\t\t\t\t\t\t\t<i aria-hidden=\"true\" class=\"fas fa-dot-circle\"><\/i>\t\t\t\t\t\t<\/span>\n\t\t\t\t\t\t\t\t\t\t<span class=\"elementor-icon-list-text\"><b>Cumplir <\/b>la legalidad vigente en los pa\u00edses en los que opera.<\/span>\n\t\t\t\t\t\t\t\t\t<\/li>\n\t\t\t\t\t\t\t\t<li class=\"elementor-icon-list-item\">\n\t\t\t\t\t\t\t\t\t\t\t<span class=\"elementor-icon-list-icon\">\n\t\t\t\t\t\t\t<i aria-hidden=\"true\" class=\"fas fa-dot-circle\"><\/i>\t\t\t\t\t\t<\/span>\n\t\t\t\t\t\t\t\t\t\t<span class=\"elementor-icon-list-text\"><b>Respetar <\/b>los derechos humanos y, en especial, aquellos cuya conculcaci\u00f3n degrada al colectivo de trabajadores, rechazando el trabajo infantil y el forzoso u obligado.<\/span>\n\t\t\t\t\t\t\t\t\t<\/li>\n\t\t\t\t\t\t\t\t<li class=\"elementor-icon-list-item\">\n\t\t\t\t\t\t\t\t\t\t\t<span class=\"elementor-icon-list-icon\">\n\t\t\t\t\t\t\t<i aria-hidden=\"true\" class=\"fas fa-dot-circle\"><\/i>\t\t\t\t\t\t<\/span>\n\t\t\t\t\t\t\t\t\t\t<span class=\"elementor-icon-list-text\"><b>Desarrollar <\/b>un marco favorable de relaciones laborales basado en la igualdad de oportunidades, la no discriminaci\u00f3n y el respeto a la diversidad, promoviendo un entorno seguro y saludable y facilitando la comunicaci\u00f3n con el equipo humano.<\/span>\n\t\t\t\t\t\t\t\t\t<\/li>\n\t\t\t\t\t\t\t\t<li class=\"elementor-icon-list-item\">\n\t\t\t\t\t\t\t\t\t\t\t<span class=\"elementor-icon-list-icon\">\n\t\t\t\t\t\t\t<i aria-hidden=\"true\" class=\"fas fa-dot-circle\"><\/i>\t\t\t\t\t\t<\/span>\n\t\t\t\t\t\t\t\t\t\t<span class=\"elementor-icon-list-text\"><b>Potenciar <\/b>una cultura de respeto al entorno natural, reduciendo el impacto ambiental de las actividades de la Sociedad, defendiendo la biodiversidad y fomentando la informaci\u00f3n y formaci\u00f3n en esta cultura.<\/span>\n\t\t\t\t\t\t\t\t\t<\/li>\n\t\t\t\t\t\t\t\t<li class=\"elementor-icon-list-item\">\n\t\t\t\t\t\t\t\t\t\t\t<span class=\"elementor-icon-list-icon\">\n\t\t\t\t\t\t\t<i aria-hidden=\"true\" class=\"fas fa-dot-circle\"><\/i>\t\t\t\t\t\t<\/span>\n\t\t\t\t\t\t\t\t\t\t<span class=\"elementor-icon-list-text\"><b>Favorecer <\/b>la transparencia y las reglas de libre mercado, rechazando las pr\u00e1cticas de soborno, corrupci\u00f3n u otro tipo de contribuciones con la finalidad de obtener ventajas empresariales, respetando las reglas de la libre competencia.<\/span>\n\t\t\t\t\t\t\t\t\t<\/li>\n\t\t\t\t\t\t\t\t<li class=\"elementor-icon-list-item\">\n\t\t\t\t\t\t\t\t\t\t\t<span class=\"elementor-icon-list-icon\">\n\t\t\t\t\t\t\t<i aria-hidden=\"true\" class=\"fas fa-dot-circle\"><\/i>\t\t\t\t\t\t<\/span>\n\t\t\t\t\t\t\t\t\t\t<span class=\"elementor-icon-list-text\"><b>Impulsar <\/b>las v\u00edas de comunicaci\u00f3n y di\u00e1logo con los diferentes colectivos relacionados con las actividades de la Sociedad, para alcanzar una sinton\u00eda entre los valores empresariales y las expectativas sociales.<\/span>\n\t\t\t\t\t\t\t\t\t<\/li>\n\t\t\t\t\t\t<\/ul>\n\t\t\t\t<\/div>\n\t\t\t\t<\/div>\n\t\t\t\t\t<\/div>\n\t\t<\/div>\n\t\t\t\t\t\t\t<\/div>\n\t\t<\/section>\n\t\t\t\t\t<\/div>\n\t\t<\/div>\n\t\t\t\t\t\t\t<\/div>\n\t\t<\/section>\n\t\t\t\t<section class=\"elementor-section elementor-top-section elementor-element elementor-element-8b4dd58 elementor-section-boxed elementor-section-height-default elementor-section-height-default\" data-id=\"8b4dd58\" data-element_type=\"section\" data-settings=\"{&quot;background_background&quot;:&quot;classic&quot;}\">\n\t\t\t\t\t\t<div class=\"elementor-container elementor-column-gap-default\">\n\t\t\t\t\t<div class=\"elementor-column elementor-col-100 elementor-top-column elementor-element elementor-element-dd7a39c\" data-id=\"dd7a39c\" data-element_type=\"column\">\n\t\t\t<div class=\"elementor-widget-wrap elementor-element-populated\">\n\t\t\t\t\t\t\t\t<div class=\"elementor-element elementor-element-21311c4a elementor-widget__width-initial elementor-invisible elementor-widget elementor-widget-heading\" data-id=\"21311c4a\" data-element_type=\"widget\" data-settings=\"{&quot;_animation&quot;:&quot;fadeIn&quot;,&quot;_animation_tablet&quot;:&quot;fadeIn&quot;}\" data-widget_type=\"heading.default\">\n\t\t\t\t<div class=\"elementor-widget-container\">\n\t\t\t<h3 class=\"elementor-heading-title elementor-size-default\"><b>Estamos certificados por AENOR<\/b> en la implantaci\u00f3n de un sistema de gesti\u00f3n de la calidad mediante la Norma <b>ISO 9001:2015<\/b> y gesti\u00f3n ambiental en la <b>ISO 14001:2015.<\/b>\n<\/h3>\t\t<\/div>\n\t\t\t\t<\/div>\n\t\t\t\t<section class=\"elementor-section elementor-inner-section elementor-element elementor-element-926f507 elementor-section-boxed elementor-section-height-default elementor-section-height-default\" data-id=\"926f507\" data-element_type=\"section\">\n\t\t\t\t\t\t<div class=\"elementor-container elementor-column-gap-default\">\n\t\t\t\t\t<div class=\"elementor-column elementor-col-25 elementor-inner-column elementor-element elementor-element-8248cbb\" data-id=\"8248cbb\" data-element_type=\"column\">\n\t\t\t<div class=\"elementor-widget-wrap elementor-element-populated\">\n\t\t\t\t\t\t\t\t<div class=\"elementor-element elementor-element-24d8646 elementor-widget elementor-widget-image\" data-id=\"24d8646\" data-element_type=\"widget\" data-widget_type=\"image.default\">\n\t\t\t\t<div class=\"elementor-widget-container\">\n\t\t\t<style>\/*! elementor - v3.7.8 - 02-10-2022 *\/\n.elementor-widget-image{text-align:center}.elementor-widget-image a{display:inline-block}.elementor-widget-image a img[src$=\".svg\"]{width:48px}.elementor-widget-image img{vertical-align:middle;display:inline-block}<\/style>\t\t\t\t\t\t\t\t\t\t\t\t\t<a href=\"https:\/\/softcrits.es\/wp-content\/uploads\/2024\/05\/IQNET-ER-02712015-11-05-2024-EN-02-04-2024.pdf\" target=\"_blank\">\n\t\t\t\t\t\t\t<img loading=\"lazy\" decoding=\"async\" width=\"112\" height=\"158\" src=\"https:\/\/softcrits.es\/wp-content\/uploads\/2024\/05\/IQNET-ER-02712015-11-05-2024-EN-02-04-2024_mini_9001.jpg\" class=\"attachment-full size-full\" alt=\"\" srcset=\"https:\/\/softcrits.es\/wp-content\/uploads\/2024\/05\/IQNET-ER-02712015-11-05-2024-EN-02-04-2024_mini_9001.jpg 112w, https:\/\/softcrits.es\/wp-content\/uploads\/2024\/05\/IQNET-ER-02712015-11-05-2024-EN-02-04-2024_mini_9001-9x12.jpg 9w\" sizes=\"auto, (max-width: 112px) 100vw, 112px\" \/>\t\t\t\t\t\t\t\t<\/a>\n\t\t\t\t\t\t\t\t\t\t\t\t\t\t\t<\/div>\n\t\t\t\t<\/div>\n\t\t\t\t\t<\/div>\n\t\t<\/div>\n\t\t\t\t<div class=\"elementor-column elementor-col-25 elementor-inner-column elementor-element elementor-element-f73db02\" data-id=\"f73db02\" data-element_type=\"column\">\n\t\t\t<div class=\"elementor-widget-wrap elementor-element-populated\">\n\t\t\t\t\t\t\t\t<div class=\"elementor-element elementor-element-12e0f73 elementor-widget elementor-widget-image\" data-id=\"12e0f73\" data-element_type=\"widget\" data-widget_type=\"image.default\">\n\t\t\t\t<div class=\"elementor-widget-container\">\n\t\t\t\t\t\t\t\t\t\t\t\t\t\t\t\t<a href=\"https:\/\/softcrits.es\/wp-content\/uploads\/2024\/05\/IQNET-GA-20150091-11-05-2024-EN-02-04-2024.pdf\" target=\"_blank\">\n\t\t\t\t\t\t\t<img loading=\"lazy\" decoding=\"async\" width=\"112\" height=\"158\" src=\"https:\/\/softcrits.es\/wp-content\/uploads\/2024\/05\/IQNET-GA-20150091-11-05-2024-EN-02-04-2024_mini.jpg\" class=\"attachment-full size-full\" alt=\"\" srcset=\"https:\/\/softcrits.es\/wp-content\/uploads\/2024\/05\/IQNET-GA-20150091-11-05-2024-EN-02-04-2024_mini.jpg 112w, https:\/\/softcrits.es\/wp-content\/uploads\/2024\/05\/IQNET-GA-20150091-11-05-2024-EN-02-04-2024_mini-9x12.jpg 9w\" sizes=\"auto, (max-width: 112px) 100vw, 112px\" \/>\t\t\t\t\t\t\t\t<\/a>\n\t\t\t\t\t\t\t\t\t\t\t\t\t\t\t<\/div>\n\t\t\t\t<\/div>\n\t\t\t\t\t<\/div>\n\t\t<\/div>\n\t\t\t\t<div class=\"elementor-column elementor-col-25 elementor-inner-column elementor-element elementor-element-d1c5edf\" data-id=\"d1c5edf\" data-element_type=\"column\">\n\t\t\t<div class=\"elementor-widget-wrap elementor-element-populated\">\n\t\t\t\t\t\t\t\t<div class=\"elementor-element elementor-element-05cecd5 elementor-widget elementor-widget-image\" data-id=\"05cecd5\" data-element_type=\"widget\" data-widget_type=\"image.default\">\n\t\t\t\t<div class=\"elementor-widget-container\">\n\t\t\t\t\t\t\t\t\t\t\t\t\t\t\t\t<a href=\"https:\/\/softcrits.es\/wp-content\/uploads\/2024\/05\/AENOR-ER-02712015-11-05-2024-ES-02-04-2024.pdf\" target=\"_blank\">\n\t\t\t\t\t\t\t<img loading=\"lazy\" decoding=\"async\" width=\"112\" height=\"158\" src=\"https:\/\/softcrits.es\/wp-content\/uploads\/2024\/05\/AENOR-ER-02712015-11-05-2024-ES-02-04-2024_mini.jpg\" class=\"attachment-full size-full\" alt=\"\" srcset=\"https:\/\/softcrits.es\/wp-content\/uploads\/2024\/05\/AENOR-ER-02712015-11-05-2024-ES-02-04-2024_mini.jpg 112w, https:\/\/softcrits.es\/wp-content\/uploads\/2024\/05\/AENOR-ER-02712015-11-05-2024-ES-02-04-2024_mini-9x12.jpg 9w\" sizes=\"auto, (max-width: 112px) 100vw, 112px\" \/>\t\t\t\t\t\t\t\t<\/a>\n\t\t\t\t\t\t\t\t\t\t\t\t\t\t\t<\/div>\n\t\t\t\t<\/div>\n\t\t\t\t\t<\/div>\n\t\t<\/div>\n\t\t\t\t<div class=\"elementor-column elementor-col-25 elementor-inner-column elementor-element elementor-element-7edb72f\" data-id=\"7edb72f\" data-element_type=\"column\">\n\t\t\t<div class=\"elementor-widget-wrap elementor-element-populated\">\n\t\t\t\t\t\t\t\t<div class=\"elementor-element elementor-element-9eaddaa elementor-widget elementor-widget-image\" data-id=\"9eaddaa\" data-element_type=\"widget\" data-widget_type=\"image.default\">\n\t\t\t\t<div class=\"elementor-widget-container\">\n\t\t\t\t\t\t\t\t\t\t\t\t\t\t\t\t<a href=\"https:\/\/softcrits.es\/wp-content\/uploads\/2024\/05\/AENOR-GA-20150091-11-05-2024-ES-02-04-2024.pdf\" target=\"_blank\">\n\t\t\t\t\t\t\t<img loading=\"lazy\" decoding=\"async\" width=\"112\" height=\"158\" src=\"https:\/\/softcrits.es\/wp-content\/uploads\/2024\/05\/AENOR-GA-20150091-11-05-2024-ES-02-04-2024_mini.jpg\" class=\"attachment-full size-full\" alt=\"\" srcset=\"https:\/\/softcrits.es\/wp-content\/uploads\/2024\/05\/AENOR-GA-20150091-11-05-2024-ES-02-04-2024_mini.jpg 112w, https:\/\/softcrits.es\/wp-content\/uploads\/2024\/05\/AENOR-GA-20150091-11-05-2024-ES-02-04-2024_mini-9x12.jpg 9w\" sizes=\"auto, (max-width: 112px) 100vw, 112px\" \/>\t\t\t\t\t\t\t\t<\/a>\n\t\t\t\t\t\t\t\t\t\t\t\t\t\t\t<\/div>\n\t\t\t\t<\/div>\n\t\t\t\t\t<\/div>\n\t\t<\/div>\n\t\t\t\t\t\t\t<\/div>\n\t\t<\/section>\n\t\t\t\t<div class=\"elementor-element elementor-element-4ea0dc3 elementor-widget elementor-widget-text-editor\" data-id=\"4ea0dc3\" data-element_type=\"widget\" data-widget_type=\"text-editor.default\">\n\t\t\t\t<div class=\"elementor-widget-container\">\n\t\t\t\t\t\t\t<p>Actuamos responsablemente desde el punto de vista \u00e9tico y social; fomentamos un ambiente de trabajo s\u00f3lido y estable para nuestros colaboradores, con un plan de carrera definido donde la formaci\u00f3n continuada en uno de nuestros puntos fuertes.<\/p>\t\t\t\t\t\t<\/div>\n\t\t\t\t<\/div>\n\t\t\t\t\t<\/div>\n\t\t<\/div>\n\t\t\t\t\t\t\t<\/div>\n\t\t<\/section>\n\t\t\t\t\t\t\t<\/div>","protected":false},"excerpt":{"rendered":"<p>Pol\u00edtica de responsabilidad social corporativa | Softcrits SOFTWARE FOR CRITICAL SYSTEMS S.L. es una empresa fundada en 2009 y dedicada a desarrollar sistemas tecnol\u00f3gicos avanzados y ofrecer servicios de consultor\u00eda. Se encuentra ubicada en M\u00e1laga, en C\/ Arquitecto Francisco Pe\u00f1alosa n\u00ba 18, y su \u00e1mbito de trabajo es internacional. La Direcci\u00f3n de SOFTCRITS, tiene la [&hellip;]<\/p>","protected":false},"author":1,"featured_media":0,"parent":0,"menu_order":0,"comment_status":"closed","ping_status":"closed","template":"elementor_header_footer","meta":{"footnotes":""},"class_list":["post-602","page","type-page","status-publish","hentry"],"yoast_head":"<!-- This site is optimized with the Yoast SEO plugin v19.14 - https:\/\/yoast.com\/wordpress\/plugins\/seo\/ -->\n<title>Desarrollo software a medida | Responsabilidad | Softcrits<\/title>\n<meta name=\"description\" content=\"Desarrollo de software a medida en m\u00faltiples tecnolog\u00edas y plataformas con diferentes objetivos. Responsabilidad Social.\" \/>\n<meta name=\"robots\" content=\"index, follow, max-snippet:-1, max-image-preview:large, max-video-preview:-1\" \/>\n<link rel=\"canonical\" href=\"https:\/\/softcrits.es\/en\/politica-de-responsabilidad-social-corporativa\/\" \/>\n<meta property=\"og:locale\" content=\"en_GB\" \/>\n<meta property=\"og:type\" content=\"article\" \/>\n<meta property=\"og:title\" content=\"Desarrollo software a medida | Responsabilidad | Softcrits\" \/>\n<meta property=\"og:description\" content=\"Desarrollo de software a medida en m\u00faltiples tecnolog\u00edas y plataformas con diferentes objetivos. Responsabilidad Social.\" \/>\n<meta property=\"og:url\" content=\"https:\/\/softcrits.es\/en\/politica-de-responsabilidad-social-corporativa\/\" \/>\n<meta property=\"og:site_name\" content=\"Softcrits\" \/>\n<meta property=\"article:modified_time\" content=\"2024-05-13T08:38:35+00:00\" \/>\n<meta property=\"og:image\" content=\"https:\/\/softcrits.es\/wp-content\/uploads\/2024\/05\/IQNET-ER-02712015-11-05-2024-EN-02-04-2024_mini_9001.jpg\" \/>\n<meta name=\"twitter:card\" content=\"summary_large_image\" \/>\n<meta name=\"twitter:label1\" content=\"Estimated reading time\" \/>\n\t<meta name=\"twitter:data1\" content=\"3 minutes\" \/>\n<script type=\"application\/ld+json\" class=\"yoast-schema-graph\">{\"@context\":\"https:\/\/schema.org\",\"@graph\":[{\"@type\":\"WebPage\",\"@id\":\"https:\/\/softcrits.es\/politica-de-responsabilidad-social-corporativa\/\",\"url\":\"https:\/\/softcrits.es\/politica-de-responsabilidad-social-corporativa\/\",\"name\":\"Desarrollo software a medida | Responsabilidad | Softcrits\",\"isPartOf\":{\"@id\":\"https:\/\/softcrits.es\/#website\"},\"datePublished\":\"2022-12-04T16:08:01+00:00\",\"dateModified\":\"2024-05-13T08:38:35+00:00\",\"description\":\"Desarrollo de software a medida en m\u00faltiples tecnolog\u00edas y plataformas con diferentes objetivos. Responsabilidad Social.\",\"breadcrumb\":{\"@id\":\"https:\/\/softcrits.es\/politica-de-responsabilidad-social-corporativa\/#breadcrumb\"},\"inLanguage\":\"en-GB\",\"potentialAction\":[{\"@type\":\"ReadAction\",\"target\":[\"https:\/\/softcrits.es\/politica-de-responsabilidad-social-corporativa\/\"]}]},{\"@type\":\"BreadcrumbList\",\"@id\":\"https:\/\/softcrits.es\/politica-de-responsabilidad-social-corporativa\/#breadcrumb\",\"itemListElement\":[{\"@type\":\"ListItem\",\"position\":1,\"name\":\"Portada\",\"item\":\"https:\/\/softcrits.es\/\"},{\"@type\":\"ListItem\",\"position\":2,\"name\":\"Pol\u00edtica de Responsabilidad Social Corporativa\"}]},{\"@type\":\"WebSite\",\"@id\":\"https:\/\/softcrits.es\/#website\",\"url\":\"https:\/\/softcrits.es\/\",\"name\":\"Softcrits\",\"description\":\"Software for Critical Systems\",\"potentialAction\":[{\"@type\":\"SearchAction\",\"target\":{\"@type\":\"EntryPoint\",\"urlTemplate\":\"https:\/\/softcrits.es\/?s={search_term_string}\"},\"query-input\":\"required name=search_term_string\"}],\"inLanguage\":\"en-GB\"}]}<\/script>\n<!-- \/ Yoast SEO plugin. -->","yoast_head_json":{"title":"Desarrollo software a medida | Responsabilidad | Softcrits","description":"Desarrollo de software a medida en m\u00faltiples tecnolog\u00edas y plataformas con diferentes objetivos. Responsabilidad Social.","robots":{"index":"index","follow":"follow","max-snippet":"max-snippet:-1","max-image-preview":"max-image-preview:large","max-video-preview":"max-video-preview:-1"},"canonical":"https:\/\/softcrits.es\/en\/politica-de-responsabilidad-social-corporativa\/","og_locale":"en_GB","og_type":"article","og_title":"Desarrollo software a medida | Responsabilidad | Softcrits","og_description":"Desarrollo de software a medida en m\u00faltiples tecnolog\u00edas y plataformas con diferentes objetivos. Responsabilidad Social.","og_url":"https:\/\/softcrits.es\/en\/politica-de-responsabilidad-social-corporativa\/","og_site_name":"Softcrits","article_modified_time":"2024-05-13T08:38:35+00:00","og_image":[{"url":"https:\/\/softcrits.es\/wp-content\/uploads\/2024\/05\/IQNET-ER-02712015-11-05-2024-EN-02-04-2024_mini_9001.jpg"}],"twitter_card":"summary_large_image","twitter_misc":{"Estimated reading time":"3 minutes"},"schema":{"@context":"https:\/\/schema.org","@graph":[{"@type":"WebPage","@id":"https:\/\/softcrits.es\/politica-de-responsabilidad-social-corporativa\/","url":"https:\/\/softcrits.es\/politica-de-responsabilidad-social-corporativa\/","name":"Desarrollo software a medida | Responsabilidad | Softcrits","isPartOf":{"@id":"https:\/\/softcrits.es\/#website"},"datePublished":"2022-12-04T16:08:01+00:00","dateModified":"2024-05-13T08:38:35+00:00","description":"Desarrollo de software a medida en m\u00faltiples tecnolog\u00edas y plataformas con diferentes objetivos. Responsabilidad Social.","breadcrumb":{"@id":"https:\/\/softcrits.es\/politica-de-responsabilidad-social-corporativa\/#breadcrumb"},"inLanguage":"en-GB","potentialAction":[{"@type":"ReadAction","target":["https:\/\/softcrits.es\/politica-de-responsabilidad-social-corporativa\/"]}]},{"@type":"BreadcrumbList","@id":"https:\/\/softcrits.es\/politica-de-responsabilidad-social-corporativa\/#breadcrumb","itemListElement":[{"@type":"ListItem","position":1,"name":"Portada","item":"https:\/\/softcrits.es\/"},{"@type":"ListItem","position":2,"name":"Pol\u00edtica de Responsabilidad Social Corporativa"}]},{"@type":"WebSite","@id":"https:\/\/softcrits.es\/#website","url":"https:\/\/softcrits.es\/","name":"Softcrits","description":"Software for Critical Systems","potentialAction":[{"@type":"SearchAction","target":{"@type":"EntryPoint","urlTemplate":"https:\/\/softcrits.es\/?s={search_term_string}"},"query-input":"required name=search_term_string"}],"inLanguage":"en-GB"}]}},"_links":{"self":[{"href":"https:\/\/softcrits.es\/en\/wp-json\/wp\/v2\/pages\/602","targetHints":{"allow":["GET"]}}],"collection":[{"href":"https:\/\/softcrits.es\/en\/wp-json\/wp\/v2\/pages"}],"about":[{"href":"https:\/\/softcrits.es\/en\/wp-json\/wp\/v2\/types\/page"}],"author":[{"embeddable":true,"href":"https:\/\/softcrits.es\/en\/wp-json\/wp\/v2\/users\/1"}],"replies":[{"embeddable":true,"href":"https:\/\/softcrits.es\/en\/wp-json\/wp\/v2\/comments?post=602"}],"version-history":[{"count":24,"href":"https:\/\/softcrits.es\/en\/wp-json\/wp\/v2\/pages\/602\/revisions"}],"predecessor-version":[{"id":1257,"href":"https:\/\/softcrits.es\/en\/wp-json\/wp\/v2\/pages\/602\/revisions\/1257"}],"wp:attachment":[{"href":"https:\/\/softcrits.es\/en\/wp-json\/wp\/v2\/media?parent=602"}],"curies":[{"name":"wp","href":"https:\/\/api.w.org\/{rel}","templated":true}]}}