{"id":594,"date":"2022-12-04T16:00:54","date_gmt":"2022-12-04T16:00:54","guid":{"rendered":"https:\/\/softcrits.es\/?page_id=594"},"modified":"2026-03-25T08:37:18","modified_gmt":"2026-03-25T08:37:18","slug":"politica-de-calidad-y-medio-ambiente","status":"publish","type":"page","link":"https:\/\/softcrits.es\/en\/politica-de-calidad-y-medio-ambiente\/","title":{"rendered":"Pol\u00edtica de Calidad y Medio Ambiente"},"content":{"rendered":"<div data-elementor-type=\"wp-page\" data-elementor-id=\"594\" class=\"elementor elementor-594\">\n\t\t\t\t\t\t\t\t\t<section class=\"elementor-section elementor-top-section elementor-element elementor-element-eb50dfa elementor-section-full_width elementor-section-height-default elementor-section-height-default\" data-id=\"eb50dfa\" data-element_type=\"section\" data-settings=\"{&quot;background_background&quot;:&quot;gradient&quot;}\">\n\t\t\t\t\t\t<div class=\"elementor-container elementor-column-gap-default\">\n\t\t\t\t\t<div class=\"elementor-column elementor-col-100 elementor-top-column elementor-element elementor-element-317332da\" data-id=\"317332da\" data-element_type=\"column\">\n\t\t\t<div class=\"elementor-widget-wrap elementor-element-populated\">\n\t\t\t\t\t\t\t\t<section class=\"elementor-section elementor-inner-section elementor-element elementor-element-6d32590c elementor-section-full_width elementor-section-height-default elementor-section-height-default\" data-id=\"6d32590c\" data-element_type=\"section\">\n\t\t\t\t\t\t<div class=\"elementor-container elementor-column-gap-default\">\n\t\t\t\t\t<div class=\"elementor-column elementor-col-100 elementor-inner-column elementor-element elementor-element-d46e6ff\" data-id=\"d46e6ff\" data-element_type=\"column\">\n\t\t\t<div class=\"elementor-widget-wrap elementor-element-populated\">\n\t\t\t\t\t\t\t\t<div class=\"elementor-element elementor-element-58773689 animated-fast elementor-invisible elementor-widget elementor-widget-heading\" data-id=\"58773689\" data-element_type=\"widget\" data-settings=\"{&quot;_animation&quot;:&quot;fadeInLeft&quot;,&quot;_animation_tablet&quot;:&quot;fadeInUp&quot;,&quot;_animation_mobile&quot;:&quot;fadeInUp&quot;,&quot;_animation_delay&quot;:100}\" data-widget_type=\"heading.default\">\n\t\t\t\t<div class=\"elementor-widget-container\">\n\t\t\t<style>\/*! elementor - v3.7.8 - 02-10-2022 *\/\n.elementor-heading-title{padding:0;margin:0;line-height:1}.elementor-widget-heading .elementor-heading-title[class*=elementor-size-]>a{color:inherit;font-size:inherit;line-height:inherit}.elementor-widget-heading .elementor-heading-title.elementor-size-small{font-size:15px}.elementor-widget-heading .elementor-heading-title.elementor-size-medium{font-size:19px}.elementor-widget-heading .elementor-heading-title.elementor-size-large{font-size:29px}.elementor-widget-heading .elementor-heading-title.elementor-size-xl{font-size:39px}.elementor-widget-heading .elementor-heading-title.elementor-size-xxl{font-size:59px}<\/style><h1 class=\"elementor-heading-title elementor-size-default\">Pol\u00edtica de Calidad, Medio Ambiente y Seguridad | Softcrits<\/h1>\t\t<\/div>\n\t\t\t\t<\/div>\n\t\t\t\t\t<\/div>\n\t\t<\/div>\n\t\t\t\t\t\t\t<\/div>\n\t\t<\/section>\n\t\t\t\t\t<\/div>\n\t\t<\/div>\n\t\t\t\t\t\t\t<\/div>\n\t\t<\/section>\n\t\t\t\t<section class=\"elementor-section elementor-top-section elementor-element elementor-element-2387a3c1 elementor-section-boxed elementor-section-height-default elementor-section-height-default\" data-id=\"2387a3c1\" data-element_type=\"section\" data-settings=\"{&quot;background_background&quot;:&quot;classic&quot;}\">\n\t\t\t\t\t\t\t<div class=\"elementor-background-overlay\"><\/div>\n\t\t\t\t\t\t\t<div class=\"elementor-container elementor-column-gap-default\">\n\t\t\t\t\t<div class=\"elementor-column elementor-col-100 elementor-top-column elementor-element elementor-element-7b40f09b\" data-id=\"7b40f09b\" data-element_type=\"column\">\n\t\t\t<div class=\"elementor-widget-wrap elementor-element-populated\">\n\t\t\t\t\t\t\t\t<section class=\"elementor-section elementor-inner-section elementor-element elementor-element-fd2d169 elementor-section-boxed elementor-section-height-default elementor-section-height-default\" data-id=\"fd2d169\" data-element_type=\"section\">\n\t\t\t\t\t\t<div class=\"elementor-container elementor-column-gap-default\">\n\t\t\t\t\t<div class=\"elementor-column elementor-col-100 elementor-inner-column elementor-element elementor-element-5a3e151\" data-id=\"5a3e151\" data-element_type=\"column\">\n\t\t\t<div class=\"elementor-widget-wrap elementor-element-populated\">\n\t\t\t\t\t\t\t\t<div class=\"elementor-element elementor-element-21311c4a elementor-widget__width-initial elementor-invisible elementor-widget elementor-widget-heading\" data-id=\"21311c4a\" data-element_type=\"widget\" data-settings=\"{&quot;_animation&quot;:&quot;fadeIn&quot;,&quot;_animation_tablet&quot;:&quot;fadeIn&quot;}\" data-widget_type=\"heading.default\">\n\t\t\t\t<div class=\"elementor-widget-container\">\n\t\t\t<h3 class=\"elementor-heading-title elementor-size-default\"><b>SOFTWARE FOR CRITICAL SYSTEMS S.L.<\/b> es una empresa fundada en 2009 y dedicada a desarrollar sistemas tecnol\u00f3gicos avanzados y ofrecer servicios de consultor\u00eda. Se encuentra ubicada en M\u00e1laga, en C\/ Arquitecto Francisco Pe\u00f1alosa n\u00ba 18, y su \u00e1mbito de trabajo es internacional.<\/h3>\t\t<\/div>\n\t\t\t\t<\/div>\n\t\t\t\t<div class=\"elementor-element elementor-element-a55e6a2 elementor-widget elementor-widget-text-editor\" data-id=\"a55e6a2\" data-element_type=\"widget\" data-widget_type=\"text-editor.default\">\n\t\t\t\t<div class=\"elementor-widget-container\">\n\t\t\t<style>\/*! elementor - v3.7.8 - 02-10-2022 *\/\n.elementor-widget-text-editor.elementor-drop-cap-view-stacked .elementor-drop-cap{background-color:#818a91;color:#fff}.elementor-widget-text-editor.elementor-drop-cap-view-framed .elementor-drop-cap{color:#818a91;border:3px solid;background-color:transparent}.elementor-widget-text-editor:not(.elementor-drop-cap-view-default) .elementor-drop-cap{margin-top:8px}.elementor-widget-text-editor:not(.elementor-drop-cap-view-default) .elementor-drop-cap-letter{width:1em;height:1em}.elementor-widget-text-editor .elementor-drop-cap{float:left;text-align:center;line-height:1;font-size:50px}.elementor-widget-text-editor .elementor-drop-cap-letter{display:inline-block}<\/style>\t\t\t\t<h3>La pol\u00edtica de Calidad, Medio Ambiente y Seguridad de SOFTCRITS se basa en los siguientes puntos:<\/h3>\t\t\t\t\t\t<\/div>\n\t\t\t\t<\/div>\n\t\t\t\t<div class=\"elementor-element elementor-element-4ee05d7c elementor-icon-list--layout-traditional elementor-list-item-link-full_width elementor-widget elementor-widget-icon-list\" data-id=\"4ee05d7c\" data-element_type=\"widget\" data-widget_type=\"icon-list.default\">\n\t\t\t\t<div class=\"elementor-widget-container\">\n\t\t\t<link rel=\"stylesheet\" href=\"https:\/\/softcrits.es\/wp-content\/plugins\/elementor\/assets\/css\/widget-icon-list.min.css\">\t\t<ul class=\"elementor-icon-list-items\">\n\t\t\t\t\t\t\t<li class=\"elementor-icon-list-item\">\n\t\t\t\t\t\t\t\t\t\t\t<span class=\"elementor-icon-list-icon\">\n\t\t\t\t\t\t\t<i aria-hidden=\"true\" class=\"fas fa-dot-circle\"><\/i>\t\t\t\t\t\t<\/span>\n\t\t\t\t\t\t\t\t\t\t<span class=\"elementor-icon-list-text\">Contribuir a la creaci\u00f3n de valor en la sociedad y al desarrollo profesional y personal de nuestros colaboradores.<\/span>\n\t\t\t\t\t\t\t\t\t<\/li>\n\t\t\t\t\t\t\t\t<li class=\"elementor-icon-list-item\">\n\t\t\t\t\t\t\t\t\t\t\t<span class=\"elementor-icon-list-icon\">\n\t\t\t\t\t\t\t<i aria-hidden=\"true\" class=\"fas fa-dot-circle\"><\/i>\t\t\t\t\t\t<\/span>\n\t\t\t\t\t\t\t\t\t\t<span class=\"elementor-icon-list-text\">Trabajar con la m\u00e1xima calidad posible para ser una compa\u00f1\u00eda de alta tecnolog\u00eda, l\u00edder en procesos de monitorizaci\u00f3n de sistemas e instalaciones.<\/span>\n\t\t\t\t\t\t\t\t\t<\/li>\n\t\t\t\t\t\t\t\t<li class=\"elementor-icon-list-item\">\n\t\t\t\t\t\t\t\t\t\t\t<span class=\"elementor-icon-list-icon\">\n\t\t\t\t\t\t\t<i aria-hidden=\"true\" class=\"fas fa-dot-circle\"><\/i>\t\t\t\t\t\t<\/span>\n\t\t\t\t\t\t\t\t\t\t<span class=\"elementor-icon-list-text\">Estar orientado al cliente y preparado para dar soluciones globales en \u00e1mbitos complejos.<\/span>\n\t\t\t\t\t\t\t\t\t<\/li>\n\t\t\t\t\t\t\t\t<li class=\"elementor-icon-list-item\">\n\t\t\t\t\t\t\t\t\t\t\t<span class=\"elementor-icon-list-icon\">\n\t\t\t\t\t\t\t<i aria-hidden=\"true\" class=\"fas fa-dot-circle\"><\/i>\t\t\t\t\t\t<\/span>\n\t\t\t\t\t\t\t\t\t\t<span class=\"elementor-icon-list-text\">Buscar y crear nuevas soluciones diferenciales, aportando valor, con las \u00faltimas tecnolog\u00edas disponibles, en continua evoluci\u00f3n.<\/span>\n\t\t\t\t\t\t\t\t\t<\/li>\n\t\t\t\t\t\t\t\t<li class=\"elementor-icon-list-item\">\n\t\t\t\t\t\t\t\t\t\t\t<span class=\"elementor-icon-list-icon\">\n\t\t\t\t\t\t\t<i aria-hidden=\"true\" class=\"fas fa-dot-circle\"><\/i>\t\t\t\t\t\t<\/span>\n\t\t\t\t\t\t\t\t\t\t<span class=\"elementor-icon-list-text\">Contar con personal altamente cualificado y especializado que permita abordar proyectos complejos garantizando la m\u00e1xima seguridad en el puesto de trabajo.<\/span>\n\t\t\t\t\t\t\t\t\t<\/li>\n\t\t\t\t\t\t\t\t<li class=\"elementor-icon-list-item\">\n\t\t\t\t\t\t\t\t\t\t\t<span class=\"elementor-icon-list-icon\">\n\t\t\t\t\t\t\t<i aria-hidden=\"true\" class=\"fas fa-dot-circle\"><\/i>\t\t\t\t\t\t<\/span>\n\t\t\t\t\t\t\t\t\t\t<span class=\"elementor-icon-list-text\">Compromiso de mejorar de forma continua nuestros procesos y servicios, establecer y revisar peri\u00f3dicamente los objetivos y aumentar la eficacia del Sistema de Gesti\u00f3n Integrado de Calidad, Medio Ambiente y Seguridad de la Informaci\u00f3n.<\/span>\n\t\t\t\t\t\t\t\t\t<\/li>\n\t\t\t\t\t\t\t\t<li class=\"elementor-icon-list-item\">\n\t\t\t\t\t\t\t\t\t\t\t<span class=\"elementor-icon-list-icon\">\n\t\t\t\t\t\t\t<i aria-hidden=\"true\" class=\"fas fa-dot-circle\"><\/i>\t\t\t\t\t\t<\/span>\n\t\t\t\t\t\t\t\t\t\t<span class=\"elementor-icon-list-text\">Compromiso de evaluar los riesgos y oportunidades de acuerdo con el contexto de la empresa.<\/span>\n\t\t\t\t\t\t\t\t\t<\/li>\n\t\t\t\t\t\t\t\t<li class=\"elementor-icon-list-item\">\n\t\t\t\t\t\t\t\t\t\t\t<span class=\"elementor-icon-list-icon\">\n\t\t\t\t\t\t\t<i aria-hidden=\"true\" class=\"fas fa-dot-circle\"><\/i>\t\t\t\t\t\t<\/span>\n\t\t\t\t\t\t\t\t\t\t<span class=\"elementor-icon-list-text\">Garantizar la confidencialidad, integridad y disponibilidad de la informaci\u00f3n de tal forma que las actividades de SOFTCRITS se desarrollen de acuerdo con los requisitos de las partes interesadas.<\/span>\n\t\t\t\t\t\t\t\t\t<\/li>\n\t\t\t\t\t\t\t\t<li class=\"elementor-icon-list-item\">\n\t\t\t\t\t\t\t\t\t\t\t<span class=\"elementor-icon-list-icon\">\n\t\t\t\t\t\t\t<i aria-hidden=\"true\" class=\"fas fa-dot-circle\"><\/i>\t\t\t\t\t\t<\/span>\n\t\t\t\t\t\t\t\t\t\t<span class=\"elementor-icon-list-text\">Cumplir con los requisitos del cliente, los legales y reglamentarios aplicables, as\u00ed como con otros requisitos que SOFTCRITS suscriba relacionados con sus aspectos ambientales, todo ello para alcanzar la satisfacci\u00f3n total del Cliente.<\/span>\n\t\t\t\t\t\t\t\t\t<\/li>\n\t\t\t\t\t\t\t\t<li class=\"elementor-icon-list-item\">\n\t\t\t\t\t\t\t\t\t\t\t<span class=\"elementor-icon-list-icon\">\n\t\t\t\t\t\t\t<i aria-hidden=\"true\" class=\"fas fa-dot-circle\"><\/i>\t\t\t\t\t\t<\/span>\n\t\t\t\t\t\t\t\t\t\t<span class=\"elementor-icon-list-text\">Dotar de los recursos necesarios para la correcta implantaci\u00f3n y mejora del Sistema de Gesti\u00f3n Integrado.<\/span>\n\t\t\t\t\t\t\t\t\t<\/li>\n\t\t\t\t\t\t\t\t<li class=\"elementor-icon-list-item\">\n\t\t\t\t\t\t\t\t\t\t\t<span class=\"elementor-icon-list-icon\">\n\t\t\t\t\t\t\t<i aria-hidden=\"true\" class=\"fas fa-dot-circle\"><\/i>\t\t\t\t\t\t<\/span>\n\t\t\t\t\t\t\t\t\t\t<span class=\"elementor-icon-list-text\">Formar, capacitar y concienciar al personal hacia la calidad, el medio ambiente y la seguridad de la informaci\u00f3n como una necesidad y una tarea esencial para la empresa.<\/span>\n\t\t\t\t\t\t\t\t\t<\/li>\n\t\t\t\t\t\t\t\t<li class=\"elementor-icon-list-item\">\n\t\t\t\t\t\t\t\t\t\t\t<span class=\"elementor-icon-list-icon\">\n\t\t\t\t\t\t\t<i aria-hidden=\"true\" class=\"fas fa-dot-circle\"><\/i>\t\t\t\t\t\t<\/span>\n\t\t\t\t\t\t\t\t\t\t<span class=\"elementor-icon-list-text\">Dirigir a la empresa en la prevenci\u00f3n de la contaminaci\u00f3n en todas sus actividades y a la protecci\u00f3n del medio ambiente.<\/span>\n\t\t\t\t\t\t\t\t\t<\/li>\n\t\t\t\t\t\t<\/ul>\n\t\t\t\t<\/div>\n\t\t\t\t<\/div>\n\t\t\t\t<div class=\"elementor-element elementor-element-d12351e elementor-widget elementor-widget-text-editor\" data-id=\"d12351e\" data-element_type=\"widget\" data-widget_type=\"text-editor.default\">\n\t\t\t\t<div class=\"elementor-widget-container\">\n\t\t\t\t\t\t\t<p>Fecha de publicaci\u00f3n y aprobaci\u00f3n: 24 de marzo de 2026.<\/p><p>\u00a0<\/p><p>Si usted tiene inter\u00e9s en recibir informaci\u00f3n sobre el desempe\u00f1o ambiental de SOFTCRITS puede contactar con nosotros en la direcci\u00f3n de email <a href=\"mailto:info@softcrits.es\">info@softcrits.es<\/a><\/p>\t\t\t\t\t\t<\/div>\n\t\t\t\t<\/div>\n\t\t\t\t\t<\/div>\n\t\t<\/div>\n\t\t\t\t\t\t\t<\/div>\n\t\t<\/section>\n\t\t\t\t\t<\/div>\n\t\t<\/div>\n\t\t\t\t\t\t\t<\/div>\n\t\t<\/section>\n\t\t\t\t\t\t\t<\/div>","protected":false},"excerpt":{"rendered":"<p>Pol\u00edtica de Calidad, Medio Ambiente y Seguridad | Softcrits SOFTWARE FOR CRITICAL SYSTEMS S.L. es una empresa fundada en 2009 y dedicada a desarrollar sistemas tecnol\u00f3gicos avanzados y ofrecer servicios de consultor\u00eda. Se encuentra ubicada en M\u00e1laga, en C\/ Arquitecto Francisco Pe\u00f1alosa n\u00ba 18, y su \u00e1mbito de trabajo es internacional. La pol\u00edtica de Calidad, [&hellip;]<\/p>","protected":false},"author":1,"featured_media":0,"parent":0,"menu_order":0,"comment_status":"closed","ping_status":"closed","template":"elementor_header_footer","meta":{"footnotes":""},"class_list":["post-594","page","type-page","status-publish","hentry"],"yoast_head":"<!-- This site is optimized with the Yoast SEO plugin v19.14 - https:\/\/yoast.com\/wordpress\/plugins\/seo\/ -->\n<title>Desarrollo de software a medida | Calidad | Softcrits<\/title>\n<meta name=\"description\" content=\"Desarrollo de software a medida en m\u00faltiples tecnolog\u00edas y plataformas con diferentes objetivos. Calidad y medio ambiente.\" \/>\n<meta name=\"robots\" content=\"index, follow, max-snippet:-1, max-image-preview:large, max-video-preview:-1\" \/>\n<link rel=\"canonical\" href=\"https:\/\/softcrits.es\/en\/politica-de-calidad-y-medio-ambiente\/\" \/>\n<meta property=\"og:locale\" content=\"en_GB\" \/>\n<meta property=\"og:type\" content=\"article\" \/>\n<meta property=\"og:title\" content=\"Desarrollo de software a medida | Calidad | Softcrits\" \/>\n<meta property=\"og:description\" content=\"Desarrollo de software a medida en m\u00faltiples tecnolog\u00edas y plataformas con diferentes objetivos. Calidad y medio ambiente.\" \/>\n<meta property=\"og:url\" content=\"https:\/\/softcrits.es\/en\/politica-de-calidad-y-medio-ambiente\/\" \/>\n<meta property=\"og:site_name\" content=\"Softcrits\" \/>\n<meta property=\"article:modified_time\" content=\"2026-03-25T08:37:18+00:00\" \/>\n<meta name=\"twitter:card\" content=\"summary_large_image\" \/>\n<meta name=\"twitter:label1\" content=\"Estimated reading time\" \/>\n\t<meta name=\"twitter:data1\" content=\"2 minutes\" \/>\n<script type=\"application\/ld+json\" class=\"yoast-schema-graph\">{\"@context\":\"https:\/\/schema.org\",\"@graph\":[{\"@type\":\"WebPage\",\"@id\":\"https:\/\/softcrits.es\/politica-de-calidad-y-medio-ambiente\/\",\"url\":\"https:\/\/softcrits.es\/politica-de-calidad-y-medio-ambiente\/\",\"name\":\"Desarrollo de software a medida | Calidad | Softcrits\",\"isPartOf\":{\"@id\":\"https:\/\/softcrits.es\/#website\"},\"datePublished\":\"2022-12-04T16:00:54+00:00\",\"dateModified\":\"2026-03-25T08:37:18+00:00\",\"description\":\"Desarrollo de software a medida en m\u00faltiples tecnolog\u00edas y plataformas con diferentes objetivos. Calidad y medio ambiente.\",\"breadcrumb\":{\"@id\":\"https:\/\/softcrits.es\/politica-de-calidad-y-medio-ambiente\/#breadcrumb\"},\"inLanguage\":\"en-GB\",\"potentialAction\":[{\"@type\":\"ReadAction\",\"target\":[\"https:\/\/softcrits.es\/politica-de-calidad-y-medio-ambiente\/\"]}]},{\"@type\":\"BreadcrumbList\",\"@id\":\"https:\/\/softcrits.es\/politica-de-calidad-y-medio-ambiente\/#breadcrumb\",\"itemListElement\":[{\"@type\":\"ListItem\",\"position\":1,\"name\":\"Portada\",\"item\":\"https:\/\/softcrits.es\/\"},{\"@type\":\"ListItem\",\"position\":2,\"name\":\"Pol\u00edtica de Calidad y Medio Ambiente\"}]},{\"@type\":\"WebSite\",\"@id\":\"https:\/\/softcrits.es\/#website\",\"url\":\"https:\/\/softcrits.es\/\",\"name\":\"Softcrits\",\"description\":\"Software for Critical Systems\",\"potentialAction\":[{\"@type\":\"SearchAction\",\"target\":{\"@type\":\"EntryPoint\",\"urlTemplate\":\"https:\/\/softcrits.es\/?s={search_term_string}\"},\"query-input\":\"required name=search_term_string\"}],\"inLanguage\":\"en-GB\"}]}<\/script>\n<!-- \/ Yoast SEO plugin. -->","yoast_head_json":{"title":"Desarrollo de software a medida | Calidad | Softcrits","description":"Desarrollo de software a medida en m\u00faltiples tecnolog\u00edas y plataformas con diferentes objetivos. Calidad y medio ambiente.","robots":{"index":"index","follow":"follow","max-snippet":"max-snippet:-1","max-image-preview":"max-image-preview:large","max-video-preview":"max-video-preview:-1"},"canonical":"https:\/\/softcrits.es\/en\/politica-de-calidad-y-medio-ambiente\/","og_locale":"en_GB","og_type":"article","og_title":"Desarrollo de software a medida | Calidad | Softcrits","og_description":"Desarrollo de software a medida en m\u00faltiples tecnolog\u00edas y plataformas con diferentes objetivos. Calidad y medio ambiente.","og_url":"https:\/\/softcrits.es\/en\/politica-de-calidad-y-medio-ambiente\/","og_site_name":"Softcrits","article_modified_time":"2026-03-25T08:37:18+00:00","twitter_card":"summary_large_image","twitter_misc":{"Estimated reading time":"2 minutes"},"schema":{"@context":"https:\/\/schema.org","@graph":[{"@type":"WebPage","@id":"https:\/\/softcrits.es\/politica-de-calidad-y-medio-ambiente\/","url":"https:\/\/softcrits.es\/politica-de-calidad-y-medio-ambiente\/","name":"Desarrollo de software a medida | Calidad | Softcrits","isPartOf":{"@id":"https:\/\/softcrits.es\/#website"},"datePublished":"2022-12-04T16:00:54+00:00","dateModified":"2026-03-25T08:37:18+00:00","description":"Desarrollo de software a medida en m\u00faltiples tecnolog\u00edas y plataformas con diferentes objetivos. Calidad y medio ambiente.","breadcrumb":{"@id":"https:\/\/softcrits.es\/politica-de-calidad-y-medio-ambiente\/#breadcrumb"},"inLanguage":"en-GB","potentialAction":[{"@type":"ReadAction","target":["https:\/\/softcrits.es\/politica-de-calidad-y-medio-ambiente\/"]}]},{"@type":"BreadcrumbList","@id":"https:\/\/softcrits.es\/politica-de-calidad-y-medio-ambiente\/#breadcrumb","itemListElement":[{"@type":"ListItem","position":1,"name":"Portada","item":"https:\/\/softcrits.es\/"},{"@type":"ListItem","position":2,"name":"Pol\u00edtica de Calidad y Medio Ambiente"}]},{"@type":"WebSite","@id":"https:\/\/softcrits.es\/#website","url":"https:\/\/softcrits.es\/","name":"Softcrits","description":"Software for Critical Systems","potentialAction":[{"@type":"SearchAction","target":{"@type":"EntryPoint","urlTemplate":"https:\/\/softcrits.es\/?s={search_term_string}"},"query-input":"required name=search_term_string"}],"inLanguage":"en-GB"}]}},"_links":{"self":[{"href":"https:\/\/softcrits.es\/en\/wp-json\/wp\/v2\/pages\/594","targetHints":{"allow":["GET"]}}],"collection":[{"href":"https:\/\/softcrits.es\/en\/wp-json\/wp\/v2\/pages"}],"about":[{"href":"https:\/\/softcrits.es\/en\/wp-json\/wp\/v2\/types\/page"}],"author":[{"embeddable":true,"href":"https:\/\/softcrits.es\/en\/wp-json\/wp\/v2\/users\/1"}],"replies":[{"embeddable":true,"href":"https:\/\/softcrits.es\/en\/wp-json\/wp\/v2\/comments?post=594"}],"version-history":[{"count":23,"href":"https:\/\/softcrits.es\/en\/wp-json\/wp\/v2\/pages\/594\/revisions"}],"predecessor-version":[{"id":1301,"href":"https:\/\/softcrits.es\/en\/wp-json\/wp\/v2\/pages\/594\/revisions\/1301"}],"wp:attachment":[{"href":"https:\/\/softcrits.es\/en\/wp-json\/wp\/v2\/media?parent=594"}],"curies":[{"name":"wp","href":"https:\/\/api.w.org\/{rel}","templated":true}]}}