{"id":576,"date":"2022-12-04T15:54:30","date_gmt":"2022-12-04T15:54:30","guid":{"rendered":"https:\/\/softcrits.es\/?page_id=576"},"modified":"2023-01-25T13:42:16","modified_gmt":"2023-01-25T13:42:16","slug":"aviso-legal","status":"publish","type":"page","link":"https:\/\/softcrits.es\/en\/aviso-legal\/","title":{"rendered":"Legal notice"},"content":{"rendered":"<div data-elementor-type=\"wp-page\" data-elementor-id=\"576\" class=\"elementor elementor-576\">\n\t\t\t\t\t\t\t\t\t<section class=\"elementor-section elementor-top-section elementor-element elementor-element-eb50dfa elementor-section-full_width elementor-section-height-default elementor-section-height-default\" data-id=\"eb50dfa\" data-element_type=\"section\" data-settings=\"{&quot;background_background&quot;:&quot;gradient&quot;}\">\n\t\t\t\t\t\t<div class=\"elementor-container elementor-column-gap-default\">\n\t\t\t\t\t<div class=\"elementor-column elementor-col-100 elementor-top-column elementor-element elementor-element-317332da\" data-id=\"317332da\" data-element_type=\"column\">\n\t\t\t<div class=\"elementor-widget-wrap elementor-element-populated\">\n\t\t\t\t\t\t\t\t<section class=\"elementor-section elementor-inner-section elementor-element elementor-element-6d32590c elementor-section-full_width elementor-section-height-default elementor-section-height-default\" data-id=\"6d32590c\" data-element_type=\"section\">\n\t\t\t\t\t\t<div class=\"elementor-container elementor-column-gap-default\">\n\t\t\t\t\t<div class=\"elementor-column elementor-col-100 elementor-inner-column elementor-element elementor-element-d46e6ff\" data-id=\"d46e6ff\" data-element_type=\"column\">\n\t\t\t<div class=\"elementor-widget-wrap elementor-element-populated\">\n\t\t\t\t\t\t\t\t<div class=\"elementor-element elementor-element-58773689 animated-fast elementor-invisible elementor-widget elementor-widget-heading\" data-id=\"58773689\" data-element_type=\"widget\" data-settings=\"{&quot;_animation&quot;:&quot;fadeInLeft&quot;,&quot;_animation_tablet&quot;:&quot;fadeInUp&quot;,&quot;_animation_mobile&quot;:&quot;fadeInUp&quot;,&quot;_animation_delay&quot;:100}\" data-widget_type=\"heading.default\">\n\t\t\t\t<div class=\"elementor-widget-container\">\n\t\t\t<style>\/*! elementor - v3.7.8 - 02-10-2022 *\/\n.elementor-heading-title{padding:0;margin:0;line-height:1}.elementor-widget-heading .elementor-heading-title[class*=elementor-size-]>a{color:inherit;font-size:inherit;line-height:inherit}.elementor-widget-heading .elementor-heading-title.elementor-size-small{font-size:15px}.elementor-widget-heading .elementor-heading-title.elementor-size-medium{font-size:19px}.elementor-widget-heading .elementor-heading-title.elementor-size-large{font-size:29px}.elementor-widget-heading .elementor-heading-title.elementor-size-xl{font-size:39px}.elementor-widget-heading .elementor-heading-title.elementor-size-xxl{font-size:59px}<\/style><h1 class=\"elementor-heading-title elementor-size-default\">Aviso Legal y Condiciones Generales | Softcrits<\/h1>\t\t<\/div>\n\t\t\t\t<\/div>\n\t\t\t\t\t<\/div>\n\t\t<\/div>\n\t\t\t\t\t\t\t<\/div>\n\t\t<\/section>\n\t\t\t\t\t<\/div>\n\t\t<\/div>\n\t\t\t\t\t\t\t<\/div>\n\t\t<\/section>\n\t\t\t\t<section class=\"elementor-section elementor-top-section elementor-element elementor-element-2387a3c1 elementor-section-boxed elementor-section-height-default elementor-section-height-default\" data-id=\"2387a3c1\" data-element_type=\"section\" data-settings=\"{&quot;background_background&quot;:&quot;classic&quot;}\">\n\t\t\t\t\t\t\t<div class=\"elementor-background-overlay\"><\/div>\n\t\t\t\t\t\t\t<div class=\"elementor-container elementor-column-gap-default\">\n\t\t\t\t\t<div class=\"elementor-column elementor-col-100 elementor-top-column elementor-element elementor-element-7b40f09b\" data-id=\"7b40f09b\" data-element_type=\"column\">\n\t\t\t<div class=\"elementor-widget-wrap elementor-element-populated\">\n\t\t\t\t\t\t\t\t<section class=\"elementor-section elementor-inner-section elementor-element elementor-element-fd2d169 elementor-section-boxed elementor-section-height-default elementor-section-height-default\" data-id=\"fd2d169\" data-element_type=\"section\">\n\t\t\t\t\t\t<div class=\"elementor-container elementor-column-gap-default\">\n\t\t\t\t\t<div class=\"elementor-column elementor-col-100 elementor-inner-column elementor-element elementor-element-5a3e151\" data-id=\"5a3e151\" data-element_type=\"column\">\n\t\t\t<div class=\"elementor-widget-wrap elementor-element-populated\">\n\t\t\t\t\t\t\t\t<div class=\"elementor-element elementor-element-21311c4a elementor-widget__width-initial elementor-invisible elementor-widget elementor-widget-heading\" data-id=\"21311c4a\" data-element_type=\"widget\" data-settings=\"{&quot;_animation&quot;:&quot;fadeIn&quot;,&quot;_animation_tablet&quot;:&quot;fadeIn&quot;}\" data-widget_type=\"heading.default\">\n\t\t\t\t<div class=\"elementor-widget-container\">\n\t\t\t<h3 class=\"elementor-heading-title elementor-size-default\">Uso del sitio web y aceptaci\u00f3n\n\n<\/h3>\t\t<\/div>\n\t\t\t\t<\/div>\n\t\t\t\t<div class=\"elementor-element elementor-element-2df296a elementor-widget elementor-widget-text-editor\" data-id=\"2df296a\" data-element_type=\"widget\" data-widget_type=\"text-editor.default\">\n\t\t\t\t<div class=\"elementor-widget-container\">\n\t\t\t<style>\/*! elementor - v3.7.8 - 02-10-2022 *\/\n.elementor-widget-text-editor.elementor-drop-cap-view-stacked .elementor-drop-cap{background-color:#818a91;color:#fff}.elementor-widget-text-editor.elementor-drop-cap-view-framed .elementor-drop-cap{color:#818a91;border:3px solid;background-color:transparent}.elementor-widget-text-editor:not(.elementor-drop-cap-view-default) .elementor-drop-cap{margin-top:8px}.elementor-widget-text-editor:not(.elementor-drop-cap-view-default) .elementor-drop-cap-letter{width:1em;height:1em}.elementor-widget-text-editor .elementor-drop-cap{float:left;text-align:center;line-height:1;font-size:50px}.elementor-widget-text-editor .elementor-drop-cap-letter{display:inline-block}<\/style>\t\t\t\t<h3>Informaci\u00f3n legal:<\/h3>\t\t\t\t\t\t<\/div>\n\t\t\t\t<\/div>\n\t\t\t\t<div class=\"elementor-element elementor-element-4ee05d7c elementor-icon-list--layout-traditional elementor-list-item-link-full_width elementor-widget elementor-widget-icon-list\" data-id=\"4ee05d7c\" data-element_type=\"widget\" data-widget_type=\"icon-list.default\">\n\t\t\t\t<div class=\"elementor-widget-container\">\n\t\t\t<link rel=\"stylesheet\" href=\"https:\/\/softcrits.es\/wp-content\/plugins\/elementor\/assets\/css\/widget-icon-list.min.css\">\t\t<ul class=\"elementor-icon-list-items\">\n\t\t\t\t\t\t\t<li class=\"elementor-icon-list-item\">\n\t\t\t\t\t\t\t\t\t\t\t<span class=\"elementor-icon-list-icon\">\n\t\t\t\t\t\t\t<i aria-hidden=\"true\" class=\"fas fa-dot-circle\"><\/i>\t\t\t\t\t\t<\/span>\n\t\t\t\t\t\t\t\t\t\t<span class=\"elementor-icon-list-text\">Software for Critical Systems, S.L. dominio registrado www.softcrits.es<\/span>\n\t\t\t\t\t\t\t\t\t<\/li>\n\t\t\t\t\t\t\t\t<li class=\"elementor-icon-list-item\">\n\t\t\t\t\t\t\t\t\t\t\t<span class=\"elementor-icon-list-icon\">\n\t\t\t\t\t\t\t<i aria-hidden=\"true\" class=\"fas fa-dot-circle\"><\/i>\t\t\t\t\t\t<\/span>\n\t\t\t\t\t\t\t\t\t\t<span class=\"elementor-icon-list-text\">Datos registrales: domicilio social C\/ Arquitecto Francisco Pe\u00f1alosa, n\u00ba 18. 29071 Ampliaci\u00f3n Campus de Teatinos. M\u00e1laga.; con CIF n\u00ba B-92.984.061.<\/span>\n\t\t\t\t\t\t\t\t\t<\/li>\n\t\t\t\t\t\t\t\t<li class=\"elementor-icon-list-item\">\n\t\t\t\t\t\t\t\t\t\t\t<span class=\"elementor-icon-list-icon\">\n\t\t\t\t\t\t\t<i aria-hidden=\"true\" class=\"fas fa-dot-circle\"><\/i>\t\t\t\t\t\t<\/span>\n\t\t\t\t\t\t\t\t\t\t<span class=\"elementor-icon-list-text\">E-mail de contacto: info@softcrits.es<\/span>\n\t\t\t\t\t\t\t\t\t<\/li>\n\t\t\t\t\t\t<\/ul>\n\t\t\t\t<\/div>\n\t\t\t\t<\/div>\n\t\t\t\t<div class=\"elementor-element elementor-element-d2b1dcc elementor-widget elementor-widget-text-editor\" data-id=\"d2b1dcc\" data-element_type=\"widget\" data-widget_type=\"text-editor.default\">\n\t\t\t\t<div class=\"elementor-widget-container\">\n\t\t\t\t\t\t\t<h3><span style=\"font-size: 16px; color: var( --e-global-color-text ); font-family: var( --e-global-typography-text-font-family ), Sans-serif; font-style: var( --e-global-typography-text-font-style ); font-weight: var( --e-global-typography-text-font-weight ); letter-spacing: var( --e-global-typography-text-letter-spacing ); text-transform: var( --e-global-typography-text-text-transform );\">El acceso al sitio web www.softcrits.es le atribuye la condici\u00f3n de usuario e implica que acepta plenamente todas y cada una de las condiciones que contiene este Aviso Legal. Aceptando este contrato, usted declara:<\/span><\/h3>\n<p><b>a. <\/b>que es una persona mayor de edad y con capacidad para contratar.<\/p>\n<p><b>b. <\/b>que ha le\u00eddo, conoce y asume las presentes condiciones generales.<\/p><p><br><\/p>\n<p>El contenido de este Aviso Legal puede sufrir modificaciones, por lo que la aceptaci\u00f3n por parte del usuario se producir\u00e1 respecto del publicado por Software for Critical Systems S.L. en el momento en que el usuario acceda al sitio Web. Por lo tanto, cada vez que el usuario acceda al sitio Web, deber\u00e1 leer atentamente el presente Aviso Legal.<\/p><p><br><\/p>\n<p>Asimismo, el acceso al sitio Web www.softcrits.es se encuentra sometido a todos los avisos, condiciones de uso e instrucciones, puestos en conocimiento del usuario por Software for Critical Systems S.L. que sustituyan, completen y\/o modifiquen el presente Aviso Legal.<\/p><p><br><\/p>\n<h3>Condiciones del sitio web<\/h3>\n<p>EL usuario se compromete a hacer uso de los servicios y utilidades que ofrece el Software for Critical Systems S.L. a trav\u00e9s del sitio Web www.softcrits.es de conformidad con la ley, este Aviso Legal y dem\u00e1s avisos e instrucciones puestos en su conocimiento, as\u00ed como con la moral y las buenas costumbres generalmente aceptadas y el orden p\u00fablico.<\/p><p><br><\/p>\n<p>El acceso a algunos de los servicios que se ofrecen a trav\u00e9s del sitio Web, puede estar condicionado a la cumplimentaci\u00f3n del formulario de registro. A estos efectos, usted como usuario garantiza la autenticidad y veracidad de los datos personales que comunique al cumplimentar dicho formulario. El usuario se compromete y responsabiliza de mantener toda la informaci\u00f3n facilitada de forma que responda, en cada momento, a la realidad. El tratamiento de los datos de car\u00e1cter personal suministrados por el usuario se realizar\u00e1 por Software for Critical Systems S.L. con sujeci\u00f3n a la Pol\u00edtica de Privacidad contenida en este sitio Web.<\/p><p><br><\/p>\n<h3>Derechos de propiedad intelectual e industrial<\/h3>\n<p>Todas las marcas, logotipos, nombres comerciales, signos distintivos, servicios, contenidos, textos, fotograf\u00edas, gr\u00e1ficos, im\u00e1genes, software, links e informaciones de cualquier clase que aparecen en este sitio Web son propiedad de Software for Critical Systems S.L., por lo que no podr\u00e1n ser reproducidos, distribuidos, comunicados p\u00fablicamente, transformados o modificados sin autorizaci\u00f3n expresa.<\/p><p><br><\/p>\n<h3>Exclusi\u00f3n de garant\u00edas y de responsabilidad por los contenidos<\/h3><div><br><\/div>\n<p>Software for Critical Systems, S.L. no garantiza la licitud, fiabilidad y utilidad de los textos publicados o a trav\u00e9s de www.softcrits.es (en adelante, los \u201cContenidos\u201d). Software for Critical Systems, S.L., excluye cualquier responsabilidad por los da\u00f1os y perjuicios de toda naturaleza que puedan deberse a la transmisi\u00f3n, difusi\u00f3n, almacenamiento, puesta a disposici\u00f3n, recepci\u00f3n, obtenci\u00f3n o acceso a los contenidos.<\/p><p><br><\/p>\n<h3>Exclusi\u00f3n de garant\u00edas y de responsabilidad por los servicios prestados por terceros a trav\u00e9s de www.softcrits.es<\/h3><div><br><\/div>\n<p>Software for Critical Systems, S.L., no controla ni garantiza la ausencia de virus ni de otros elementos en los servicios prestados por terceros a trav\u00e9s de www.softcrits.es que puedan producir alteraciones en su sistema inform\u00e1tico (software y hardware) o en los documentos electr\u00f3nicos y ficheros almacenados en su sistema inform\u00e1tico.<\/p><p><br><\/p>\n<p>Software for Critical Systems, S.L., excluye cualquier responsabilidad por los da\u00f1os y perjuicios de toda naturaleza que puedan deberse a la presencia de virus o a la presencia de otros elementos lesivos en los servicios jur\u00eddicos prestados por terceros a trav\u00e9s de www.softcrits.es que puedan producir alteraciones en el sistema inform\u00e1tico, documentos electr\u00f3nicos o ficheros de los usuarios.<\/p><p><br><\/p>\n<h3>Legislaci\u00f3n y jurisdicci\u00f3n<\/h3>\n<p>La Legislaci\u00f3n aplicable al presente Aviso Legal ser\u00e1 la legislaci\u00f3n espa\u00f1ola, y la jurisdicci\u00f3n competente para conocer de cualesquiera demandas que este sitio Web suscite ser\u00e1 de la de los Juzgados y Tribunales de M\u00e1laga.<\/p><p><br><\/p>\n<h3><a style=\"color: black;\" href=\"https:\/\/softcrits.es\/en\/politica-de-cookies\/\">Haz clic aqu\u00ed para la Politica de Cookies<\/a><\/h3>\t\t\t\t\t\t<\/div>\n\t\t\t\t<\/div>\n\t\t\t\t\t<\/div>\n\t\t<\/div>\n\t\t\t\t\t\t\t<\/div>\n\t\t<\/section>\n\t\t\t\t\t<\/div>\n\t\t<\/div>\n\t\t\t\t\t\t\t<\/div>\n\t\t<\/section>\n\t\t\t\t\t\t\t<\/div>","protected":false},"excerpt":{"rendered":"<p>Aviso Legal y Condiciones Generales | Softcrits Uso del sitio web y aceptaci\u00f3n Informaci\u00f3n legal: Software for Critical Systems, S.L. dominio registrado www.softcrits.es Datos registrales: domicilio social C\/ Arquitecto Francisco Pe\u00f1alosa, n\u00ba 18. 29071 Ampliaci\u00f3n Campus de Teatinos. M\u00e1laga.; con CIF n\u00ba B-92.984.061. E-mail de contacto: info@softcrits.es El acceso al sitio web www.softcrits.es le atribuye [&hellip;]<\/p>","protected":false},"author":1,"featured_media":0,"parent":0,"menu_order":0,"comment_status":"closed","ping_status":"closed","template":"elementor_header_footer","meta":{"footnotes":""},"class_list":["post-576","page","type-page","status-publish","hentry"],"yoast_head":"<!-- This site is optimized with the Yoast SEO plugin v19.14 - https:\/\/yoast.com\/wordpress\/plugins\/seo\/ -->\n<title>Desarrollo de software a medida | Legal | Softcrits<\/title>\n<meta name=\"description\" content=\"Desarrollo de software a medida en m\u00faltiples tecnolog\u00edas y plataformas con diferentes objetivos. Aviso legal.\" \/>\n<meta name=\"robots\" content=\"index, follow, max-snippet:-1, max-image-preview:large, max-video-preview:-1\" \/>\n<link rel=\"canonical\" href=\"https:\/\/softcrits.es\/en\/aviso-legal\/\" \/>\n<meta property=\"og:locale\" content=\"en_GB\" \/>\n<meta property=\"og:type\" content=\"article\" \/>\n<meta property=\"og:title\" content=\"Desarrollo de software a medida | Legal | Softcrits\" \/>\n<meta property=\"og:description\" content=\"Desarrollo de software a medida en m\u00faltiples tecnolog\u00edas y plataformas con diferentes objetivos. Aviso legal.\" \/>\n<meta property=\"og:url\" content=\"https:\/\/softcrits.es\/en\/aviso-legal\/\" \/>\n<meta property=\"og:site_name\" content=\"Softcrits\" \/>\n<meta property=\"article:modified_time\" content=\"2023-01-25T13:42:16+00:00\" \/>\n<meta name=\"twitter:card\" content=\"summary_large_image\" \/>\n<meta name=\"twitter:label1\" content=\"Estimated reading time\" \/>\n\t<meta name=\"twitter:data1\" content=\"4 minutes\" \/>\n<script type=\"application\/ld+json\" class=\"yoast-schema-graph\">{\"@context\":\"https:\/\/schema.org\",\"@graph\":[{\"@type\":\"WebPage\",\"@id\":\"https:\/\/softcrits.es\/aviso-legal\/\",\"url\":\"https:\/\/softcrits.es\/aviso-legal\/\",\"name\":\"Desarrollo de software a medida | Legal | Softcrits\",\"isPartOf\":{\"@id\":\"https:\/\/softcrits.es\/#website\"},\"datePublished\":\"2022-12-04T15:54:30+00:00\",\"dateModified\":\"2023-01-25T13:42:16+00:00\",\"description\":\"Desarrollo de software a medida en m\u00faltiples tecnolog\u00edas y plataformas con diferentes objetivos. Aviso legal.\",\"breadcrumb\":{\"@id\":\"https:\/\/softcrits.es\/aviso-legal\/#breadcrumb\"},\"inLanguage\":\"en-GB\",\"potentialAction\":[{\"@type\":\"ReadAction\",\"target\":[\"https:\/\/softcrits.es\/aviso-legal\/\"]}]},{\"@type\":\"BreadcrumbList\",\"@id\":\"https:\/\/softcrits.es\/aviso-legal\/#breadcrumb\",\"itemListElement\":[{\"@type\":\"ListItem\",\"position\":1,\"name\":\"Portada\",\"item\":\"https:\/\/softcrits.es\/\"},{\"@type\":\"ListItem\",\"position\":2,\"name\":\"Aviso Legal\"}]},{\"@type\":\"WebSite\",\"@id\":\"https:\/\/softcrits.es\/#website\",\"url\":\"https:\/\/softcrits.es\/\",\"name\":\"Softcrits\",\"description\":\"Software for Critical Systems\",\"potentialAction\":[{\"@type\":\"SearchAction\",\"target\":{\"@type\":\"EntryPoint\",\"urlTemplate\":\"https:\/\/softcrits.es\/?s={search_term_string}\"},\"query-input\":\"required name=search_term_string\"}],\"inLanguage\":\"en-GB\"}]}<\/script>\n<!-- \/ Yoast SEO plugin. -->","yoast_head_json":{"title":"Desarrollo de software a medida | Legal | Softcrits","description":"Desarrollo de software a medida en m\u00faltiples tecnolog\u00edas y plataformas con diferentes objetivos. Aviso legal.","robots":{"index":"index","follow":"follow","max-snippet":"max-snippet:-1","max-image-preview":"max-image-preview:large","max-video-preview":"max-video-preview:-1"},"canonical":"https:\/\/softcrits.es\/en\/aviso-legal\/","og_locale":"en_GB","og_type":"article","og_title":"Desarrollo de software a medida | Legal | Softcrits","og_description":"Desarrollo de software a medida en m\u00faltiples tecnolog\u00edas y plataformas con diferentes objetivos. Aviso legal.","og_url":"https:\/\/softcrits.es\/en\/aviso-legal\/","og_site_name":"Softcrits","article_modified_time":"2023-01-25T13:42:16+00:00","twitter_card":"summary_large_image","twitter_misc":{"Estimated reading time":"4 minutes"},"schema":{"@context":"https:\/\/schema.org","@graph":[{"@type":"WebPage","@id":"https:\/\/softcrits.es\/aviso-legal\/","url":"https:\/\/softcrits.es\/aviso-legal\/","name":"Desarrollo de software a medida | Legal | Softcrits","isPartOf":{"@id":"https:\/\/softcrits.es\/#website"},"datePublished":"2022-12-04T15:54:30+00:00","dateModified":"2023-01-25T13:42:16+00:00","description":"Desarrollo de software a medida en m\u00faltiples tecnolog\u00edas y plataformas con diferentes objetivos. Aviso legal.","breadcrumb":{"@id":"https:\/\/softcrits.es\/aviso-legal\/#breadcrumb"},"inLanguage":"en-GB","potentialAction":[{"@type":"ReadAction","target":["https:\/\/softcrits.es\/aviso-legal\/"]}]},{"@type":"BreadcrumbList","@id":"https:\/\/softcrits.es\/aviso-legal\/#breadcrumb","itemListElement":[{"@type":"ListItem","position":1,"name":"Portada","item":"https:\/\/softcrits.es\/"},{"@type":"ListItem","position":2,"name":"Aviso Legal"}]},{"@type":"WebSite","@id":"https:\/\/softcrits.es\/#website","url":"https:\/\/softcrits.es\/","name":"Softcrits","description":"Software for Critical Systems","potentialAction":[{"@type":"SearchAction","target":{"@type":"EntryPoint","urlTemplate":"https:\/\/softcrits.es\/?s={search_term_string}"},"query-input":"required name=search_term_string"}],"inLanguage":"en-GB"}]}},"_links":{"self":[{"href":"https:\/\/softcrits.es\/en\/wp-json\/wp\/v2\/pages\/576","targetHints":{"allow":["GET"]}}],"collection":[{"href":"https:\/\/softcrits.es\/en\/wp-json\/wp\/v2\/pages"}],"about":[{"href":"https:\/\/softcrits.es\/en\/wp-json\/wp\/v2\/types\/page"}],"author":[{"embeddable":true,"href":"https:\/\/softcrits.es\/en\/wp-json\/wp\/v2\/users\/1"}],"replies":[{"embeddable":true,"href":"https:\/\/softcrits.es\/en\/wp-json\/wp\/v2\/comments?post=576"}],"version-history":[{"count":23,"href":"https:\/\/softcrits.es\/en\/wp-json\/wp\/v2\/pages\/576\/revisions"}],"predecessor-version":[{"id":956,"href":"https:\/\/softcrits.es\/en\/wp-json\/wp\/v2\/pages\/576\/revisions\/956"}],"wp:attachment":[{"href":"https:\/\/softcrits.es\/en\/wp-json\/wp\/v2\/media?parent=576"}],"curies":[{"name":"wp","href":"https:\/\/api.w.org\/{rel}","templated":true}]}}