{"id":564,"date":"2022-12-04T15:48:21","date_gmt":"2022-12-04T15:48:21","guid":{"rendered":"https:\/\/softcrits.es\/?page_id=564"},"modified":"2023-01-25T13:41:10","modified_gmt":"2023-01-25T13:41:10","slug":"politica-de-privacidad","status":"publish","type":"page","link":"https:\/\/softcrits.es\/en\/politica-de-privacidad\/","title":{"rendered":"Privacy policy"},"content":{"rendered":"<div data-elementor-type=\"wp-page\" data-elementor-id=\"564\" class=\"elementor elementor-564\">\n\t\t\t\t\t\t\t\t\t<section class=\"elementor-section elementor-top-section elementor-element elementor-element-eb50dfa elementor-section-full_width elementor-section-height-default elementor-section-height-default\" data-id=\"eb50dfa\" data-element_type=\"section\" data-settings=\"{&quot;background_background&quot;:&quot;gradient&quot;}\">\n\t\t\t\t\t\t<div class=\"elementor-container elementor-column-gap-default\">\n\t\t\t\t\t<div class=\"elementor-column elementor-col-100 elementor-top-column elementor-element elementor-element-317332da\" data-id=\"317332da\" data-element_type=\"column\">\n\t\t\t<div class=\"elementor-widget-wrap elementor-element-populated\">\n\t\t\t\t\t\t\t\t<section class=\"elementor-section elementor-inner-section elementor-element elementor-element-6d32590c elementor-section-full_width elementor-section-height-default elementor-section-height-default\" data-id=\"6d32590c\" data-element_type=\"section\">\n\t\t\t\t\t\t<div class=\"elementor-container elementor-column-gap-default\">\n\t\t\t\t\t<div class=\"elementor-column elementor-col-100 elementor-inner-column elementor-element elementor-element-d46e6ff\" data-id=\"d46e6ff\" data-element_type=\"column\">\n\t\t\t<div class=\"elementor-widget-wrap elementor-element-populated\">\n\t\t\t\t\t\t\t\t<div class=\"elementor-element elementor-element-58773689 animated-fast elementor-invisible elementor-widget elementor-widget-heading\" data-id=\"58773689\" data-element_type=\"widget\" data-settings=\"{&quot;_animation&quot;:&quot;fadeInLeft&quot;,&quot;_animation_tablet&quot;:&quot;fadeInUp&quot;,&quot;_animation_mobile&quot;:&quot;fadeInUp&quot;,&quot;_animation_delay&quot;:100}\" data-widget_type=\"heading.default\">\n\t\t\t\t<div class=\"elementor-widget-container\">\n\t\t\t<style>\/*! elementor - v3.7.8 - 02-10-2022 *\/\n.elementor-heading-title{padding:0;margin:0;line-height:1}.elementor-widget-heading .elementor-heading-title[class*=elementor-size-]>a{color:inherit;font-size:inherit;line-height:inherit}.elementor-widget-heading .elementor-heading-title.elementor-size-small{font-size:15px}.elementor-widget-heading .elementor-heading-title.elementor-size-medium{font-size:19px}.elementor-widget-heading .elementor-heading-title.elementor-size-large{font-size:29px}.elementor-widget-heading .elementor-heading-title.elementor-size-xl{font-size:39px}.elementor-widget-heading .elementor-heading-title.elementor-size-xxl{font-size:59px}<\/style><h1 class=\"elementor-heading-title elementor-size-default\">Pol\u00edtica de privacidad | Softcrits<\/h1>\t\t<\/div>\n\t\t\t\t<\/div>\n\t\t\t\t\t<\/div>\n\t\t<\/div>\n\t\t\t\t\t\t\t<\/div>\n\t\t<\/section>\n\t\t\t\t\t<\/div>\n\t\t<\/div>\n\t\t\t\t\t\t\t<\/div>\n\t\t<\/section>\n\t\t\t\t<section class=\"elementor-section elementor-top-section elementor-element elementor-element-2387a3c1 elementor-section-boxed elementor-section-height-default elementor-section-height-default\" data-id=\"2387a3c1\" data-element_type=\"section\" data-settings=\"{&quot;background_background&quot;:&quot;classic&quot;}\">\n\t\t\t\t\t\t\t<div class=\"elementor-background-overlay\"><\/div>\n\t\t\t\t\t\t\t<div class=\"elementor-container elementor-column-gap-default\">\n\t\t\t\t\t<div class=\"elementor-column elementor-col-100 elementor-top-column elementor-element elementor-element-7b40f09b\" data-id=\"7b40f09b\" data-element_type=\"column\">\n\t\t\t<div class=\"elementor-widget-wrap elementor-element-populated\">\n\t\t\t\t\t\t\t\t<section class=\"elementor-section elementor-inner-section elementor-element elementor-element-fd2d169 elementor-section-boxed elementor-section-height-default elementor-section-height-default\" data-id=\"fd2d169\" data-element_type=\"section\">\n\t\t\t\t\t\t<div class=\"elementor-container elementor-column-gap-default\">\n\t\t\t\t\t<div class=\"elementor-column elementor-col-100 elementor-inner-column elementor-element elementor-element-5a3e151\" data-id=\"5a3e151\" data-element_type=\"column\">\n\t\t\t<div class=\"elementor-widget-wrap elementor-element-populated\">\n\t\t\t\t\t\t\t\t<div class=\"elementor-element elementor-element-21311c4a elementor-widget__width-initial elementor-invisible elementor-widget elementor-widget-heading\" data-id=\"21311c4a\" data-element_type=\"widget\" data-settings=\"{&quot;_animation&quot;:&quot;fadeIn&quot;,&quot;_animation_tablet&quot;:&quot;fadeIn&quot;}\" data-widget_type=\"heading.default\">\n\t\t\t\t<div class=\"elementor-widget-container\">\n\t\t\t<h3 class=\"elementor-heading-title elementor-size-default\"><b>Software for Critical Systems S.L.<\/b>, con domicilio en <b>C\/ Arquitecto Francisco Pe\u00f1alosa, n\u00ba 18. 29071 Ampliaci\u00f3n Campus de Teatinos. M\u00e1laga, Tel 951 95 2911<\/b> y direcci\u00f3n de correo electr\u00f3nico <b>info@softcrits.es <\/b>pone en conocimiento de los usuarios del sitio Web <b>www.softcrits.es<\/b> su pol\u00edtica de protecci\u00f3n de datos de car\u00e1cter personal, para que los usuarios determinen libre y voluntariamente si desean facilitar a <b>Software for Critical Systems, S.L.<\/b>, los datos personales que se les requieran con ocasi\u00f3n de la suscripci\u00f3n, registro o cumplimentaci\u00f3n de cualesquiera formulario de datos online.\n\n<\/h3>\t\t<\/div>\n\t\t\t\t<\/div>\n\t\t\t\t<div class=\"elementor-element elementor-element-2df296a elementor-widget elementor-widget-text-editor\" data-id=\"2df296a\" data-element_type=\"widget\" data-widget_type=\"text-editor.default\">\n\t\t\t\t<div class=\"elementor-widget-container\">\n\t\t\t<style>\/*! elementor - v3.7.8 - 02-10-2022 *\/\n.elementor-widget-text-editor.elementor-drop-cap-view-stacked .elementor-drop-cap{background-color:#818a91;color:#fff}.elementor-widget-text-editor.elementor-drop-cap-view-framed .elementor-drop-cap{color:#818a91;border:3px solid;background-color:transparent}.elementor-widget-text-editor:not(.elementor-drop-cap-view-default) .elementor-drop-cap{margin-top:8px}.elementor-widget-text-editor:not(.elementor-drop-cap-view-default) .elementor-drop-cap-letter{width:1em;height:1em}.elementor-widget-text-editor .elementor-drop-cap{float:left;text-align:center;line-height:1;font-size:50px}.elementor-widget-text-editor .elementor-drop-cap-letter{display:inline-block}<\/style>\t\t\t\t<p>Para la utilizaci\u00f3n de determinados contenidos y servicios, Software for Critical Systems S.L. podr\u00e1 requerir del usuario ciertos datos de car\u00e1cter personal.<\/p><p><br><\/p>\n<p>Software for Critical Systems S.L. informar\u00e1, con car\u00e1cter previo y adecuadamente al usuario a fin de que \u00e9ste pueda prestar su consentimiento expl\u00edcito al tratamiento de sus datos por parte de Software for Critical Systems S.L. para la finalidad concreta. En tales casos, los datos se consideran imprescindibles y, si los mismos no se facilitan, no ser\u00e1 posible la utilizaci\u00f3n de dichos contenidos o servicios. Siendo los datos utilizados \u00fanicamente con el fin que se indique en la cl\u00e1usula espec\u00edfica junto con el formulario de recogida de datos.<\/p><p><br><\/p>\n<p><\/p>\n<p>En todo caso Software for Critical Systems S.L. garantiza la adopci\u00f3n de las medidas de seguridad dirigidas a garantizar la confidencialidad de los datos de car\u00e1cter personal facilitados por los usuarios.<\/p><p><br><\/p>\n<p><\/p>\n<p>El usuario de acuerdo con el Reglamento (UE) 2016\/679 del Parlamento Europeo y del Consejo, de 27 de abril de 2016, relativo a la protecci\u00f3n de las personas f\u00edsicas en lo que respecta al tratamiento de datos personales y a la libre circulaci\u00f3n de estos datos podr\u00e1 revocar el consentimiento prestado y ejercer sus derechos de acceso, rectificaci\u00f3n, supresi\u00f3n, cancelaci\u00f3n, oposici\u00f3n, limitaci\u00f3n del tratamiento y portabilidad en los t\u00e9rminos especificados en la legislaci\u00f3n sobre protecci\u00f3n de datos, dirigiendo una comunicaci\u00f3n a la direcci\u00f3n de correo electr\u00f3nico: info@softcrits.es; o dirigi\u00e9ndose por escrito a: C\/ Arquitecto Francisco Pe\u00f1alosa, n\u00ba 18. 29071 Ampliaci\u00f3n Campus de Teatinos. M\u00e1laga.<\/p>\n<h3>Derecho de informaci\u00f3n<\/h3>\n<p>Le informamos que los datos que nos facilite pueden ser incluidos en el fichero de clientes y contactos de Software for Critical Systems, S.L., con la finalidad de mantener relaciones comerciales, consinti\u00e9ndolo usted de forma expresa. El responsable del fichero es Software for Critical Systems, S.L., con domicilio en C\/ Arquitecto Francisco Pe\u00f1alosa, n\u00ba 18. 29071 Ampliaci\u00f3n Campus de Teatinos. M\u00e1laga, pudiendo ejercitar sus derechos de acceso, rectificaci\u00f3n, cancelaci\u00f3n y oposici\u00f3n mandando escrito a la anterior direcci\u00f3n con los requisitos contemplados en&nbsp;el Reglamento (UE) 2016\/679 del Parlamento Europeo y del Consejo, de 27 de abril de 2016., relativa al ejercicio de los mencionados derechos, o personalmente en nuestra sede acreditando su identidad.<\/p>\n<h3>Consentimiento<\/h3>\n<p>Como titular de los datos facilitados a Software for Critical Systems, S.L., a trav\u00e9s de nuestra web, usted consiente de forma inequ\u00edvoca la incorporaci\u00f3n de los mismos al fichero automatizado de clientes y contactos del que es responsable Software for Critical Systems, S.L., para las finalidades espec\u00edficamente determinadas anteriormente.<\/p>\n<h3>Calidad de datos<\/h3>\n<p>El usuario deber\u00e1 responder de la veracidad y certeza de los datos personales suministrados y comunicar cualquier modificaci\u00f3n de los mismos que se produzca en un futuro. Por parte de Software for Critical Systems, S.L., se proceder\u00e1 a la cancelaci\u00f3n de los datos personales recogidos cuando dejen de ser necesarios o pertinentes para la finalidad para la que hubieren sido recabados o registrados. La cancelaci\u00f3n dar\u00e1 lugar al bloqueo de los datos, conserv\u00e1ndose \u00fanicamente a disposici\u00f3n de las Administraciones p\u00fablicas, Jueces y Tribunales, para la atenci\u00f3n de las posibles responsabilidades nacidas del tratamiento, durante el plazo de prescripci\u00f3n de \u00e9stas. Cumplido el citado plazo se proceder\u00e1 a la supresi\u00f3n de sus datos personales.<\/p>\n<h3>Seguridad de los datos<\/h3>\n<p>Software for Critical Systems, S.L., ha procedido a la implantaci\u00f3n de su pol\u00edtica de protecci\u00f3n de datos conforme al Reglamento (UE) 2016\/679 del Parlamento Europeo y del Consejo, de 27 de abril de 2016, relativo a la protecci\u00f3n de las personas f\u00edsicas en lo que respecta al tratamiento de datos personales y a la libre circulaci\u00f3n de estos datos, adoptado todas las medidas t\u00e9cnicas y organizativas necesarias para garantizar la seguridad de los datos de car\u00e1cter personal y evitar su alteraci\u00f3n, p\u00e9rdida, tratamiento o acceso no autorizado. El nivel de seguridad adoptado est\u00e1 en consonancia con la naturaleza de los datos personales suministrados.<\/p>\t\t\t\t\t\t<\/div>\n\t\t\t\t<\/div>\n\t\t\t\t\t<\/div>\n\t\t<\/div>\n\t\t\t\t\t\t\t<\/div>\n\t\t<\/section>\n\t\t\t\t\t<\/div>\n\t\t<\/div>\n\t\t\t\t\t\t\t<\/div>\n\t\t<\/section>\n\t\t\t\t\t\t\t<\/div>","protected":false},"excerpt":{"rendered":"<p>Pol\u00edtica de privacidad | Softcrits Software for Critical Systems S.L., con domicilio en C\/ Arquitecto Francisco Pe\u00f1alosa, n\u00ba 18. 29071 Ampliaci\u00f3n Campus de Teatinos. M\u00e1laga, Tel 951 95 2911 y direcci\u00f3n de correo electr\u00f3nico info@softcrits.es pone en conocimiento de los usuarios del sitio Web www.softcrits.es su pol\u00edtica de protecci\u00f3n de datos de car\u00e1cter personal, para [&hellip;]<\/p>","protected":false},"author":1,"featured_media":0,"parent":0,"menu_order":0,"comment_status":"closed","ping_status":"closed","template":"elementor_header_footer","meta":{"footnotes":""},"class_list":["post-564","page","type-page","status-publish","hentry"],"yoast_head":"<!-- This site is optimized with the Yoast SEO plugin v19.14 - https:\/\/yoast.com\/wordpress\/plugins\/seo\/ -->\n<title>Desarrollo de software a medida | Privacidad | Softcrits<\/title>\n<meta name=\"description\" content=\"Desarrollo de software a medida en m\u00faltiples tecnolog\u00edas y plataformas con diferentes objetivos. Pol\u00edtica de privacidad.\" \/>\n<meta name=\"robots\" content=\"index, follow, max-snippet:-1, max-image-preview:large, max-video-preview:-1\" \/>\n<link rel=\"canonical\" href=\"https:\/\/softcrits.es\/en\/politica-de-privacidad\/\" \/>\n<meta property=\"og:locale\" content=\"en_GB\" \/>\n<meta property=\"og:type\" content=\"article\" \/>\n<meta property=\"og:title\" content=\"Desarrollo de software a medida | Privacidad | Softcrits\" \/>\n<meta property=\"og:description\" content=\"Desarrollo de software a medida en m\u00faltiples tecnolog\u00edas y plataformas con diferentes objetivos. Pol\u00edtica de privacidad.\" \/>\n<meta property=\"og:url\" content=\"https:\/\/softcrits.es\/en\/politica-de-privacidad\/\" \/>\n<meta property=\"og:site_name\" content=\"Softcrits\" \/>\n<meta property=\"article:modified_time\" content=\"2023-01-25T13:41:10+00:00\" \/>\n<meta name=\"twitter:card\" content=\"summary_large_image\" \/>\n<meta name=\"twitter:label1\" content=\"Estimated reading time\" \/>\n\t<meta name=\"twitter:data1\" content=\"4 minutes\" \/>\n<script type=\"application\/ld+json\" class=\"yoast-schema-graph\">{\"@context\":\"https:\/\/schema.org\",\"@graph\":[{\"@type\":\"WebPage\",\"@id\":\"https:\/\/softcrits.es\/politica-de-privacidad\/\",\"url\":\"https:\/\/softcrits.es\/politica-de-privacidad\/\",\"name\":\"Desarrollo de software a medida | Privacidad | Softcrits\",\"isPartOf\":{\"@id\":\"https:\/\/softcrits.es\/#website\"},\"datePublished\":\"2022-12-04T15:48:21+00:00\",\"dateModified\":\"2023-01-25T13:41:10+00:00\",\"description\":\"Desarrollo de software a medida en m\u00faltiples tecnolog\u00edas y plataformas con diferentes objetivos. Pol\u00edtica de privacidad.\",\"breadcrumb\":{\"@id\":\"https:\/\/softcrits.es\/politica-de-privacidad\/#breadcrumb\"},\"inLanguage\":\"en-GB\",\"potentialAction\":[{\"@type\":\"ReadAction\",\"target\":[\"https:\/\/softcrits.es\/politica-de-privacidad\/\"]}]},{\"@type\":\"BreadcrumbList\",\"@id\":\"https:\/\/softcrits.es\/politica-de-privacidad\/#breadcrumb\",\"itemListElement\":[{\"@type\":\"ListItem\",\"position\":1,\"name\":\"Portada\",\"item\":\"https:\/\/softcrits.es\/\"},{\"@type\":\"ListItem\",\"position\":2,\"name\":\"Pol\u00edtica de privacidad\"}]},{\"@type\":\"WebSite\",\"@id\":\"https:\/\/softcrits.es\/#website\",\"url\":\"https:\/\/softcrits.es\/\",\"name\":\"Softcrits\",\"description\":\"Software for Critical Systems\",\"potentialAction\":[{\"@type\":\"SearchAction\",\"target\":{\"@type\":\"EntryPoint\",\"urlTemplate\":\"https:\/\/softcrits.es\/?s={search_term_string}\"},\"query-input\":\"required name=search_term_string\"}],\"inLanguage\":\"en-GB\"}]}<\/script>\n<!-- \/ Yoast SEO plugin. -->","yoast_head_json":{"title":"Desarrollo de software a medida | Privacidad | Softcrits","description":"Desarrollo de software a medida en m\u00faltiples tecnolog\u00edas y plataformas con diferentes objetivos. Pol\u00edtica de privacidad.","robots":{"index":"index","follow":"follow","max-snippet":"max-snippet:-1","max-image-preview":"max-image-preview:large","max-video-preview":"max-video-preview:-1"},"canonical":"https:\/\/softcrits.es\/en\/politica-de-privacidad\/","og_locale":"en_GB","og_type":"article","og_title":"Desarrollo de software a medida | Privacidad | Softcrits","og_description":"Desarrollo de software a medida en m\u00faltiples tecnolog\u00edas y plataformas con diferentes objetivos. Pol\u00edtica de privacidad.","og_url":"https:\/\/softcrits.es\/en\/politica-de-privacidad\/","og_site_name":"Softcrits","article_modified_time":"2023-01-25T13:41:10+00:00","twitter_card":"summary_large_image","twitter_misc":{"Estimated reading time":"4 minutes"},"schema":{"@context":"https:\/\/schema.org","@graph":[{"@type":"WebPage","@id":"https:\/\/softcrits.es\/politica-de-privacidad\/","url":"https:\/\/softcrits.es\/politica-de-privacidad\/","name":"Desarrollo de software a medida | Privacidad | Softcrits","isPartOf":{"@id":"https:\/\/softcrits.es\/#website"},"datePublished":"2022-12-04T15:48:21+00:00","dateModified":"2023-01-25T13:41:10+00:00","description":"Desarrollo de software a medida en m\u00faltiples tecnolog\u00edas y plataformas con diferentes objetivos. Pol\u00edtica de privacidad.","breadcrumb":{"@id":"https:\/\/softcrits.es\/politica-de-privacidad\/#breadcrumb"},"inLanguage":"en-GB","potentialAction":[{"@type":"ReadAction","target":["https:\/\/softcrits.es\/politica-de-privacidad\/"]}]},{"@type":"BreadcrumbList","@id":"https:\/\/softcrits.es\/politica-de-privacidad\/#breadcrumb","itemListElement":[{"@type":"ListItem","position":1,"name":"Portada","item":"https:\/\/softcrits.es\/"},{"@type":"ListItem","position":2,"name":"Pol\u00edtica de privacidad"}]},{"@type":"WebSite","@id":"https:\/\/softcrits.es\/#website","url":"https:\/\/softcrits.es\/","name":"Softcrits","description":"Software for Critical Systems","potentialAction":[{"@type":"SearchAction","target":{"@type":"EntryPoint","urlTemplate":"https:\/\/softcrits.es\/?s={search_term_string}"},"query-input":"required name=search_term_string"}],"inLanguage":"en-GB"}]}},"_links":{"self":[{"href":"https:\/\/softcrits.es\/en\/wp-json\/wp\/v2\/pages\/564","targetHints":{"allow":["GET"]}}],"collection":[{"href":"https:\/\/softcrits.es\/en\/wp-json\/wp\/v2\/pages"}],"about":[{"href":"https:\/\/softcrits.es\/en\/wp-json\/wp\/v2\/types\/page"}],"author":[{"embeddable":true,"href":"https:\/\/softcrits.es\/en\/wp-json\/wp\/v2\/users\/1"}],"replies":[{"embeddable":true,"href":"https:\/\/softcrits.es\/en\/wp-json\/wp\/v2\/comments?post=564"}],"version-history":[{"count":17,"href":"https:\/\/softcrits.es\/en\/wp-json\/wp\/v2\/pages\/564\/revisions"}],"predecessor-version":[{"id":946,"href":"https:\/\/softcrits.es\/en\/wp-json\/wp\/v2\/pages\/564\/revisions\/946"}],"wp:attachment":[{"href":"https:\/\/softcrits.es\/en\/wp-json\/wp\/v2\/media?parent=564"}],"curies":[{"name":"wp","href":"https:\/\/api.w.org\/{rel}","templated":true}]}}